{"id":17557,"date":"2024-12-23T13:31:07","date_gmt":"2024-12-23T12:31:07","guid":{"rendered":"https:\/\/habaguanexcuba.com\/detail-angebot-45-ny\/"},"modified":"2025-01-23T11:18:17","modified_gmt":"2025-01-23T10:18:17","slug":"detail-angebot-45-ny","status":"publish","type":"page","link":"https:\/\/habaguanexcuba.com\/de\/detail-angebot-45-ny\/","title":{"rendered":"Detail angebot 45% NY"},"content":{"rendered":"\t\t<div data-elementor-type=\"wp-page\" data-elementor-id=\"17557\" class=\"elementor elementor-17557 elementor-17534\" data-elementor-post-type=\"page\">\n\t\t\t\t<div class=\"elementor-element elementor-element-311a1cc e-con-full e-flex e-con e-parent\" data-id=\"311a1cc\" data-element_type=\"container\">\n\t\t<div class=\"elementor-element elementor-element-14bc853 e-con-full elementor-hidden-mobile e-flex e-con e-child\" data-id=\"14bc853\" data-element_type=\"container\" data-settings=\"{&quot;background_background&quot;:&quot;classic&quot;}\">\n\t\t\t\t<div class=\"elementor-element elementor-element-69b6e89 elementor-widget-tablet__width-inherit elementor-widget-mobile__width-initial elementor-absolute elementor-widget elementor-widget-custom-search\" data-id=\"69b6e89\" data-element_type=\"widget\" data-settings=\"{&quot;_position&quot;:&quot;absolute&quot;}\" data-widget_type=\"custom-search.default\">\n\t\t\t\t<div class=\"elementor-widget-container\">\n\t\t\t\t\t        <div id=\"app-container\"><\/div>\n        <div id=\"metadata\" data-metadata='{\"ip\":\"216.73.216.86\",\"country\":\"US\",\"websessionid\":\"user_69d5a50a4fb1c6.31998049\",\"webIdioma\":\"de\",\"moneda\":\"USD\"}'><\/div>\n        <style>\n\t    \t#app-container{\n\t        \tz-index:999;\n        \t}\n        <\/style>\n        \t\t\t\t<\/div>\n\t\t\t\t<\/div>\n\t\t\t\t<\/div>\n\t\t\t\t<div class=\"elementor-element elementor-element-7658201 elementor-hidden-desktop elementor-hidden-tablet elementor-hidden-mobile elementor-widget elementor-widget-breadcrumbs\" data-id=\"7658201\" data-element_type=\"widget\" data-widget_type=\"breadcrumbs.default\">\n\t\t\t\t<div class=\"elementor-widget-container\">\n\t\t\t\t\t<p id=\"breadcrumbs\"><span><span><a href=\"https:\/\/habaguanexcuba.com\/\">Home<\/a><\/span><\/span><\/p>\t\t\t\t<\/div>\n\t\t\t\t<\/div>\n\t\t\t\t<div class=\"elementor-element elementor-element-a9d0f06 elementor-widget elementor-widget-spacer\" data-id=\"a9d0f06\" data-element_type=\"widget\" data-widget_type=\"spacer.default\">\n\t\t\t\t<div class=\"elementor-widget-container\">\n\t\t\t\t\t\t\t<div class=\"elementor-spacer\">\n\t\t\t<div class=\"elementor-spacer-inner\"><\/div>\n\t\t<\/div>\n\t\t\t\t\t\t<\/div>\n\t\t\t\t<\/div>\n\t\t\t\t<\/div>\n\t\t<div class=\"elementor-element elementor-element-7a095f3 e-flex e-con-boxed e-con e-parent\" data-id=\"7a095f3\" data-element_type=\"container\">\n\t\t\t\t\t<div class=\"e-con-inner\">\n\t\t<div class=\"elementor-element elementor-element-eca32ee e-con-full e-flex e-con e-child\" data-id=\"eca32ee\" data-element_type=\"container\" data-settings=\"{&quot;background_background&quot;:&quot;classic&quot;}\" data-col-higher=\"stretch\">\n\t\t\t\t<div class=\"elementor-element elementor-element-d16f782 elementor-widget elementor-widget-image\" data-id=\"d16f782\" data-element_type=\"widget\" data-widget_type=\"image.default\">\n\t\t\t\t<div class=\"elementor-widget-container\">\n\t\t\t\t\t\t\t\t\t\t\t\t\t\t\t<img fetchpriority=\"high\" decoding=\"async\" width=\"603\" height=\"675\" src=\"https:\/\/habaguanexcuba.com\/wp-content\/uploads\/2024\/04\/Rectangulo-259.png\" class=\"attachment-large size-large wp-image-8570\" alt=\"\" srcset=\"https:\/\/habaguanexcuba.com\/wp-content\/uploads\/2024\/04\/Rectangulo-259.png 603w, https:\/\/habaguanexcuba.com\/wp-content\/uploads\/2024\/04\/Rectangulo-259-268x300.png 268w\" sizes=\"(max-width: 603px) 100vw, 603px\" \/>\t\t\t\t\t\t\t\t\t\t\t\t\t\t\t<\/div>\n\t\t\t\t<\/div>\n\t\t\t\t<\/div>\n\t\t<div class=\"elementor-element elementor-element-0a27307 e-con-full e-flex e-con e-child\" data-id=\"0a27307\" data-element_type=\"container\" data-col-higher=\"boxed\">\n\t\t\t\t<div class=\"elementor-element elementor-element-0971d6f elementor-widget elementor-widget-heading\" data-id=\"0971d6f\" data-element_type=\"widget\" data-widget_type=\"heading.default\">\n\t\t\t\t<div class=\"elementor-widget-container\">\n\t\t\t\t\t<h1 class=\"elementor-heading-title elementor-size-default\">Buchen Sie noch heute und entdecken Sie seine Magie<\/h1>\t\t\t\t<\/div>\n\t\t\t\t<\/div>\n\t\t\t\t<div class=\"elementor-element elementor-element-cda25d9 elementor-widget-mobile__width-inherit elementor-widget elementor-widget-heading\" data-id=\"cda25d9\" data-element_type=\"widget\" data-widget_type=\"heading.default\">\n\t\t\t\t<div class=\"elementor-widget-container\">\n\t\t\t\t\t<h2 class=\"elementor-heading-title elementor-size-default\">Bis zu 45% Rabatt<\/h2>\t\t\t\t<\/div>\n\t\t\t\t<\/div>\n\t\t\t\t<div class=\"elementor-element elementor-element-b53694e elementor-widget-tablet__width-inherit elementor-widget elementor-widget-text-editor\" data-id=\"b53694e\" data-element_type=\"widget\" data-widget_type=\"text-editor.default\">\n\t\t\t\t<div class=\"elementor-widget-container\">\n\t\t\t\t\t\t\t\t\t<p>Schlendern Sie durch die kopfsteingepflasterten Stra\u00dfen von Alt-Havanna, lassen Sie sich von der kolonialen Architektur verf\u00fchren und sp\u00fcren Sie den Rhythmus der Stadt, die Sie immer wieder aufs Neue in Erstaunen versetzt. Unsere Habaguanex-Hotels laden Sie ein, ein einzigartiges Erlebnis im Herzen dieser ikonischen Stadt zu erleben.<\/p>\n<p><strong>Buchen Sie zwischen 22. Dezember und 5. Januar<\/strong><br \/>\n<strong>Reisen Sie bis zum 31. Oktober 2025<\/strong><\/p>\n<p>Entdecken Sie die Geschichte, die Kultur und das authentische kubanische Lebensgef\u00fchl vom Komfort unserer Hotels aus, die perfekt gelegen sind, um alles zu genie\u00dfen, was Havanna zu bieten hat.<\/p>\n<p>Buchen Sie jetzt und planen Sie Ihre n\u00e4chste Reise nach Havanna, wo jede Ecke eine Geschichte zu erz\u00e4hlen hat!<\/p>\n\t\t\t\t\t\t\t\t<\/div>\n\t\t\t\t<\/div>\n\t\t\t\t<\/div>\n\t\t\t\t\t<\/div>\n\t\t\t\t<\/div>\n\t\t\t\t<\/div>\n\t\t","protected":false},"excerpt":{"rendered":"<p>Buchen Sie noch heute und entdecken Sie seine Magie Bis zu 45% Rabatt Schlendern Sie durch die kopfsteingepflasterten Stra\u00dfen von Alt-Havanna, lassen Sie sich von der kolonialen Architektur verf\u00fchren und sp\u00fcren Sie den Rhythmus der Stadt, die Sie immer wieder aufs Neue in Erstaunen versetzt. Unsere Habaguanex-Hotels laden Sie ein, ein einzigartiges Erlebnis im Herzen [&hellip;]<\/p>\n","protected":false},"author":1,"featured_media":13312,"parent":0,"menu_order":0,"comment_status":"closed","ping_status":"closed","template":"elementor_header_footer","meta":{"footnotes":""},"class_list":["post-17557","page","type-page","status-publish","has-post-thumbnail","hentry"],"yoast_head":"<!-- This site is optimized with the Yoast SEO plugin v27.3 - https:\/\/yoast.com\/product\/yoast-seo-wordpress\/ -->\n<title>Exklusive Angebote f\u00fcr Hotels und Dienstleistungen in Kuba | Details | Habaguanex<\/title>\n<meta name=\"description\" content=\"Entdecken Sie die besten Angebote f\u00fcr Hotels, Dienstleistungen und einzigartige Erlebnisse in Kuba. Entdecken Sie exklusive Rabatte, Sonderangebote und genie\u00dfen Sie einen unvergesslichen Aufenthalt auf der Insel mit Habaguanex. Erleben Sie das Beste der kubanischen Kultur und des kubanischen Erbes und profitieren Sie von unseren einzigartigen Preisen.\" \/>\n<meta name=\"robots\" content=\"index, follow, max-snippet:-1, max-image-preview:large, max-video-preview:-1\" \/>\n<link rel=\"canonical\" href=\"https:\/\/habaguanexcuba.com\/detalle-oferta-45-ny\/\" \/>\n<meta property=\"og:locale\" content=\"de_DE\" \/>\n<meta property=\"og:type\" content=\"article\" \/>\n<meta property=\"og:title\" content=\"Exklusive Angebote f\u00fcr Hotels und Dienstleistungen in Kuba | Details | Habaguanex\" \/>\n<meta property=\"og:description\" content=\"Entdecken Sie die besten Angebote f\u00fcr Hotels, Dienstleistungen und einzigartige Erlebnisse in Kuba. Entdecken Sie exklusive Rabatte, Sonderangebote und genie\u00dfen Sie einen unvergesslichen Aufenthalt auf der Insel mit Habaguanex. Erleben Sie das Beste der kubanischen Kultur und des kubanischen Erbes und profitieren Sie von unseren einzigartigen Preisen.\" \/>\n<meta property=\"og:url\" content=\"https:\/\/habaguanexcuba.com\/detalle-oferta-45-ny\/\" \/>\n<meta property=\"og:site_name\" content=\"Habaguanex\" \/>\n<meta property=\"article:publisher\" content=\"https:\/\/www.facebook.com\/HotelesHabaguanex?mibextid=ZbWKwL\" \/>\n<meta property=\"article:modified_time\" content=\"2025-01-23T10:18:17+00:00\" \/>\n<meta property=\"og:image\" content=\"https:\/\/habaguanexcuba.com\/wp-content\/uploads\/2024\/09\/hostal-valencia-01-cabecera.jpg\" \/>\n\t<meta property=\"og:image:width\" content=\"1395\" \/>\n\t<meta property=\"og:image:height\" content=\"526\" \/>\n\t<meta property=\"og:image:type\" content=\"image\/jpeg\" \/>\n<meta name=\"twitter:card\" content=\"summary_large_image\" \/>\n<meta name=\"twitter:label1\" content=\"Gesch\u00e4tzte Lesezeit\" \/>\n\t<meta name=\"twitter:data1\" content=\"1\u00a0Minute\" \/>\n<script type=\"application\/ld+json\" class=\"yoast-schema-graph\">{\"@context\":\"https:\\\/\\\/schema.org\",\"@graph\":[{\"@type\":\"WebPage\",\"@id\":\"https:\\\/\\\/habaguanexcuba.com\\\/detalle-oferta-45-ny\\\/\",\"url\":\"https:\\\/\\\/habaguanexcuba.com\\\/detalle-oferta-45-ny\\\/\",\"name\":\"Exklusive Angebote f\u00fcr Hotels und Dienstleistungen in Kuba | Details | Habaguanex\",\"isPartOf\":{\"@id\":\"https:\\\/\\\/habaguanexcuba.com\\\/#website\"},\"primaryImageOfPage\":{\"@id\":\"https:\\\/\\\/habaguanexcuba.com\\\/detalle-oferta-45-ny\\\/#primaryimage\"},\"image\":{\"@id\":\"https:\\\/\\\/habaguanexcuba.com\\\/detalle-oferta-45-ny\\\/#primaryimage\"},\"thumbnailUrl\":\"https:\\\/\\\/habaguanexcuba.com\\\/wp-content\\\/uploads\\\/2024\\\/09\\\/hostal-valencia-01-cabecera.jpg\",\"datePublished\":\"2024-12-23T12:31:07+00:00\",\"dateModified\":\"2025-01-23T10:18:17+00:00\",\"description\":\"Entdecken Sie die besten Angebote f\u00fcr Hotels, Dienstleistungen und einzigartige Erlebnisse in Kuba. Entdecken Sie exklusive Rabatte, Sonderangebote und genie\u00dfen Sie einen unvergesslichen Aufenthalt auf der Insel mit Habaguanex. Erleben Sie das Beste der kubanischen Kultur und des kubanischen Erbes und profitieren Sie von unseren einzigartigen Preisen.\",\"breadcrumb\":{\"@id\":\"https:\\\/\\\/habaguanexcuba.com\\\/detalle-oferta-45-ny\\\/#breadcrumb\"},\"inLanguage\":\"de\",\"potentialAction\":[{\"@type\":\"ReadAction\",\"target\":[\"https:\\\/\\\/habaguanexcuba.com\\\/detalle-oferta-45-ny\\\/\"]}]},{\"@type\":\"ImageObject\",\"inLanguage\":\"de\",\"@id\":\"https:\\\/\\\/habaguanexcuba.com\\\/detalle-oferta-45-ny\\\/#primaryimage\",\"url\":\"https:\\\/\\\/habaguanexcuba.com\\\/wp-content\\\/uploads\\\/2024\\\/09\\\/hostal-valencia-01-cabecera.jpg\",\"contentUrl\":\"https:\\\/\\\/habaguanexcuba.com\\\/wp-content\\\/uploads\\\/2024\\\/09\\\/hostal-valencia-01-cabecera.jpg\",\"width\":1395,\"height\":526},{\"@type\":\"BreadcrumbList\",\"@id\":\"https:\\\/\\\/habaguanexcuba.com\\\/detalle-oferta-45-ny\\\/#breadcrumb\",\"itemListElement\":[{\"@type\":\"ListItem\",\"position\":1,\"name\":\"Home\",\"item\":\"https:\\\/\\\/habaguanexcuba.com\\\/\"},{\"@type\":\"ListItem\",\"position\":2,\"name\":\"Detail angebot 45% NY\"}]},{\"@type\":\"WebSite\",\"@id\":\"https:\\\/\\\/habaguanexcuba.com\\\/#website\",\"url\":\"https:\\\/\\\/habaguanexcuba.com\\\/\",\"name\":\"Habaguanex\",\"description\":\"Descubre la aut\u00e9ntica esencia de Cuba con Habaguanex. Explora la cultura, historia y belleza de La Habana y m\u00e1s all\u00e1 con nuestras experiencias \u00fanicas y servicios tur\u00edsticos de calidad. \u00a1Vive el coraz\u00f3n de Cuba con nosotros!\",\"publisher\":{\"@id\":\"https:\\\/\\\/habaguanexcuba.com\\\/#organization\"},\"alternateName\":\"[OFICIAL\u00ae] Habaguanex Cuba | Descubre el coraz\u00f3n de Cuba\",\"potentialAction\":[{\"@type\":\"SearchAction\",\"target\":{\"@type\":\"EntryPoint\",\"urlTemplate\":\"https:\\\/\\\/habaguanexcuba.com\\\/?s={search_term_string}\"},\"query-input\":{\"@type\":\"PropertyValueSpecification\",\"valueRequired\":true,\"valueName\":\"search_term_string\"}}],\"inLanguage\":\"de\"},{\"@type\":\"Organization\",\"@id\":\"https:\\\/\\\/habaguanexcuba.com\\\/#organization\",\"name\":\"Habaguanex\",\"alternateName\":\"[OFICIAL\u00ae] Habaguanex Cuba | Descubre el coraz\u00f3n de Cuba\",\"url\":\"https:\\\/\\\/habaguanexcuba.com\\\/\",\"logo\":{\"@type\":\"ImageObject\",\"inLanguage\":\"de\",\"@id\":\"https:\\\/\\\/habaguanexcuba.com\\\/#\\\/schema\\\/logo\\\/image\\\/\",\"url\":\"https:\\\/\\\/habaguanexcuba.com\\\/wp-content\\\/uploads\\\/2024\\\/01\\\/favicon_hab_azul.png\",\"contentUrl\":\"https:\\\/\\\/habaguanexcuba.com\\\/wp-content\\\/uploads\\\/2024\\\/01\\\/favicon_hab_azul.png\",\"width\":32,\"height\":32,\"caption\":\"Habaguanex\"},\"image\":{\"@id\":\"https:\\\/\\\/habaguanexcuba.com\\\/#\\\/schema\\\/logo\\\/image\\\/\"},\"sameAs\":[\"https:\\\/\\\/www.facebook.com\\\/HotelesHabaguanex?mibextid=ZbWKwL\",\"https:\\\/\\\/www.instagram.com\\\/hoteleshabaguanex_oficial\\\/?igsh=MTMyMTl4NzZhaWVpMw==\"]}]}<\/script>\n<!-- \/ Yoast SEO plugin. -->","yoast_head_json":{"title":"Exklusive Angebote f\u00fcr Hotels und Dienstleistungen in Kuba | Details | Habaguanex","description":"Entdecken Sie die besten Angebote f\u00fcr Hotels, Dienstleistungen und einzigartige Erlebnisse in Kuba. Entdecken Sie exklusive Rabatte, Sonderangebote und genie\u00dfen Sie einen unvergesslichen Aufenthalt auf der Insel mit Habaguanex. Erleben Sie das Beste der kubanischen Kultur und des kubanischen Erbes und profitieren Sie von unseren einzigartigen Preisen.","robots":{"index":"index","follow":"follow","max-snippet":"max-snippet:-1","max-image-preview":"max-image-preview:large","max-video-preview":"max-video-preview:-1"},"canonical":"https:\/\/habaguanexcuba.com\/detalle-oferta-45-ny\/","og_locale":"de_DE","og_type":"article","og_title":"Exklusive Angebote f\u00fcr Hotels und Dienstleistungen in Kuba | Details | Habaguanex","og_description":"Entdecken Sie die besten Angebote f\u00fcr Hotels, Dienstleistungen und einzigartige Erlebnisse in Kuba. Entdecken Sie exklusive Rabatte, Sonderangebote und genie\u00dfen Sie einen unvergesslichen Aufenthalt auf der Insel mit Habaguanex. Erleben Sie das Beste der kubanischen Kultur und des kubanischen Erbes und profitieren Sie von unseren einzigartigen Preisen.","og_url":"https:\/\/habaguanexcuba.com\/detalle-oferta-45-ny\/","og_site_name":"Habaguanex","article_publisher":"https:\/\/www.facebook.com\/HotelesHabaguanex?mibextid=ZbWKwL","article_modified_time":"2025-01-23T10:18:17+00:00","og_image":[{"width":1395,"height":526,"url":"https:\/\/habaguanexcuba.com\/wp-content\/uploads\/2024\/09\/hostal-valencia-01-cabecera.jpg","type":"image\/jpeg"}],"twitter_card":"summary_large_image","twitter_misc":{"Gesch\u00e4tzte Lesezeit":"1\u00a0Minute"},"schema":{"@context":"https:\/\/schema.org","@graph":[{"@type":"WebPage","@id":"https:\/\/habaguanexcuba.com\/detalle-oferta-45-ny\/","url":"https:\/\/habaguanexcuba.com\/detalle-oferta-45-ny\/","name":"Exklusive Angebote f\u00fcr Hotels und Dienstleistungen in Kuba | Details | Habaguanex","isPartOf":{"@id":"https:\/\/habaguanexcuba.com\/#website"},"primaryImageOfPage":{"@id":"https:\/\/habaguanexcuba.com\/detalle-oferta-45-ny\/#primaryimage"},"image":{"@id":"https:\/\/habaguanexcuba.com\/detalle-oferta-45-ny\/#primaryimage"},"thumbnailUrl":"https:\/\/habaguanexcuba.com\/wp-content\/uploads\/2024\/09\/hostal-valencia-01-cabecera.jpg","datePublished":"2024-12-23T12:31:07+00:00","dateModified":"2025-01-23T10:18:17+00:00","description":"Entdecken Sie die besten Angebote f\u00fcr Hotels, Dienstleistungen und einzigartige Erlebnisse in Kuba. Entdecken Sie exklusive Rabatte, Sonderangebote und genie\u00dfen Sie einen unvergesslichen Aufenthalt auf der Insel mit Habaguanex. Erleben Sie das Beste der kubanischen Kultur und des kubanischen Erbes und profitieren Sie von unseren einzigartigen Preisen.","breadcrumb":{"@id":"https:\/\/habaguanexcuba.com\/detalle-oferta-45-ny\/#breadcrumb"},"inLanguage":"de","potentialAction":[{"@type":"ReadAction","target":["https:\/\/habaguanexcuba.com\/detalle-oferta-45-ny\/"]}]},{"@type":"ImageObject","inLanguage":"de","@id":"https:\/\/habaguanexcuba.com\/detalle-oferta-45-ny\/#primaryimage","url":"https:\/\/habaguanexcuba.com\/wp-content\/uploads\/2024\/09\/hostal-valencia-01-cabecera.jpg","contentUrl":"https:\/\/habaguanexcuba.com\/wp-content\/uploads\/2024\/09\/hostal-valencia-01-cabecera.jpg","width":1395,"height":526},{"@type":"BreadcrumbList","@id":"https:\/\/habaguanexcuba.com\/detalle-oferta-45-ny\/#breadcrumb","itemListElement":[{"@type":"ListItem","position":1,"name":"Home","item":"https:\/\/habaguanexcuba.com\/"},{"@type":"ListItem","position":2,"name":"Detail angebot 45% NY"}]},{"@type":"WebSite","@id":"https:\/\/habaguanexcuba.com\/#website","url":"https:\/\/habaguanexcuba.com\/","name":"Habaguanex","description":"Descubre la aut\u00e9ntica esencia de Cuba con Habaguanex. Explora la cultura, historia y belleza de La Habana y m\u00e1s all\u00e1 con nuestras experiencias \u00fanicas y servicios tur\u00edsticos de calidad. \u00a1Vive el coraz\u00f3n de Cuba con nosotros!","publisher":{"@id":"https:\/\/habaguanexcuba.com\/#organization"},"alternateName":"[OFICIAL\u00ae] Habaguanex Cuba | Descubre el coraz\u00f3n de Cuba","potentialAction":[{"@type":"SearchAction","target":{"@type":"EntryPoint","urlTemplate":"https:\/\/habaguanexcuba.com\/?s={search_term_string}"},"query-input":{"@type":"PropertyValueSpecification","valueRequired":true,"valueName":"search_term_string"}}],"inLanguage":"de"},{"@type":"Organization","@id":"https:\/\/habaguanexcuba.com\/#organization","name":"Habaguanex","alternateName":"[OFICIAL\u00ae] Habaguanex Cuba | Descubre el coraz\u00f3n de Cuba","url":"https:\/\/habaguanexcuba.com\/","logo":{"@type":"ImageObject","inLanguage":"de","@id":"https:\/\/habaguanexcuba.com\/#\/schema\/logo\/image\/","url":"https:\/\/habaguanexcuba.com\/wp-content\/uploads\/2024\/01\/favicon_hab_azul.png","contentUrl":"https:\/\/habaguanexcuba.com\/wp-content\/uploads\/2024\/01\/favicon_hab_azul.png","width":32,"height":32,"caption":"Habaguanex"},"image":{"@id":"https:\/\/habaguanexcuba.com\/#\/schema\/logo\/image\/"},"sameAs":["https:\/\/www.facebook.com\/HotelesHabaguanex?mibextid=ZbWKwL","https:\/\/www.instagram.com\/hoteleshabaguanex_oficial\/?igsh=MTMyMTl4NzZhaWVpMw=="]}]}},"_links":{"self":[{"href":"https:\/\/habaguanexcuba.com\/de\/wp-json\/wp\/v2\/pages\/17557","targetHints":{"allow":["GET"]}}],"collection":[{"href":"https:\/\/habaguanexcuba.com\/de\/wp-json\/wp\/v2\/pages"}],"about":[{"href":"https:\/\/habaguanexcuba.com\/de\/wp-json\/wp\/v2\/types\/page"}],"author":[{"embeddable":true,"href":"https:\/\/habaguanexcuba.com\/de\/wp-json\/wp\/v2\/users\/1"}],"replies":[{"embeddable":true,"href":"https:\/\/habaguanexcuba.com\/de\/wp-json\/wp\/v2\/comments?post=17557"}],"version-history":[{"count":4,"href":"https:\/\/habaguanexcuba.com\/de\/wp-json\/wp\/v2\/pages\/17557\/revisions"}],"predecessor-version":[{"id":18213,"href":"https:\/\/habaguanexcuba.com\/de\/wp-json\/wp\/v2\/pages\/17557\/revisions\/18213"}],"wp:featuredmedia":[{"embeddable":true,"href":"https:\/\/habaguanexcuba.com\/de\/wp-json\/wp\/v2\/media\/13312"}],"wp:attachment":[{"href":"https:\/\/habaguanexcuba.com\/de\/wp-json\/wp\/v2\/media?parent=17557"}],"curies":[{"name":"wp","href":"https:\/\/api.w.org\/{rel}","templated":true}]}}