{"id":18641,"date":"2025-05-08T14:46:17","date_gmt":"2025-05-08T12:46:17","guid":{"rendered":"https:\/\/habaguanexcuba.com\/angebotsdetails-20-ritmo-urbano\/"},"modified":"2025-05-08T15:45:31","modified_gmt":"2025-05-08T13:45:31","slug":"angebotsdetails-20-ritmo-urbano","status":"publish","type":"page","link":"https:\/\/habaguanexcuba.com\/de\/angebotsdetails-20-ritmo-urbano\/","title":{"rendered":"Angebotsdetails 20 % Ritmo Urbano"},"content":{"rendered":"\t\t<div data-elementor-type=\"wp-page\" data-elementor-id=\"18641\" class=\"elementor elementor-18641 elementor-18558\" data-elementor-post-type=\"page\">\n\t\t\t\t<div class=\"elementor-element elementor-element-311a1cc e-con-full e-flex e-con e-parent\" data-id=\"311a1cc\" data-element_type=\"container\">\n\t\t<div class=\"elementor-element elementor-element-14bc853 e-con-full elementor-hidden-mobile e-flex e-con e-child\" data-id=\"14bc853\" data-element_type=\"container\" data-settings=\"{&quot;background_background&quot;:&quot;classic&quot;}\">\n\t\t\t\t<div class=\"elementor-element elementor-element-69b6e89 elementor-widget-tablet__width-inherit elementor-widget-mobile__width-initial elementor-absolute elementor-widget elementor-widget-custom-search\" data-id=\"69b6e89\" data-element_type=\"widget\" data-settings=\"{&quot;_position&quot;:&quot;absolute&quot;}\" data-widget_type=\"custom-search.default\">\n\t\t\t\t<div class=\"elementor-widget-container\">\n\t\t\t\t\t        <div id=\"app-container\"><\/div>\n        <div id=\"metadata\" data-metadata='{\"ip\":\"216.73.216.86\",\"country\":\"US\",\"websessionid\":\"user_69d5a4e0b62b72.55714035\",\"webIdioma\":\"de\",\"moneda\":\"USD\"}'><\/div>\n        <style>\n\t    \t#app-container{\n\t        \tz-index:999;\n        \t}\n        <\/style>\n        \t\t\t\t<\/div>\n\t\t\t\t<\/div>\n\t\t\t\t<\/div>\n\t\t\t\t<div class=\"elementor-element elementor-element-7658201 elementor-hidden-desktop elementor-hidden-tablet elementor-hidden-mobile elementor-widget elementor-widget-breadcrumbs\" data-id=\"7658201\" data-element_type=\"widget\" data-widget_type=\"breadcrumbs.default\">\n\t\t\t\t<div class=\"elementor-widget-container\">\n\t\t\t\t\t<p id=\"breadcrumbs\"><span><span><a href=\"https:\/\/habaguanexcuba.com\/\">Home<\/a><\/span><\/span><\/p>\t\t\t\t<\/div>\n\t\t\t\t<\/div>\n\t\t\t\t<div class=\"elementor-element elementor-element-a9d0f06 elementor-widget elementor-widget-spacer\" data-id=\"a9d0f06\" data-element_type=\"widget\" data-widget_type=\"spacer.default\">\n\t\t\t\t<div class=\"elementor-widget-container\">\n\t\t\t\t\t\t\t<div class=\"elementor-spacer\">\n\t\t\t<div class=\"elementor-spacer-inner\"><\/div>\n\t\t<\/div>\n\t\t\t\t\t\t<\/div>\n\t\t\t\t<\/div>\n\t\t\t\t<\/div>\n\t\t<div class=\"elementor-element elementor-element-7a095f3 e-flex e-con-boxed e-con e-parent\" data-id=\"7a095f3\" data-element_type=\"container\">\n\t\t\t\t\t<div class=\"e-con-inner\">\n\t\t<div class=\"elementor-element elementor-element-eca32ee e-con-full e-flex e-con e-child\" data-id=\"eca32ee\" data-element_type=\"container\" data-settings=\"{&quot;background_background&quot;:&quot;classic&quot;}\" data-col-higher=\"stretch\">\n\t\t\t\t<div class=\"elementor-element elementor-element-d16f782 elementor-widget elementor-widget-image\" data-id=\"d16f782\" data-element_type=\"widget\" data-widget_type=\"image.default\">\n\t\t\t\t<div class=\"elementor-widget-container\">\n\t\t\t\t\t\t\t\t\t\t\t\t\t\t\t<img fetchpriority=\"high\" decoding=\"async\" width=\"603\" height=\"675\" src=\"https:\/\/habaguanexcuba.com\/wp-content\/uploads\/2024\/04\/Rectangulo-259.png\" class=\"attachment-large size-large wp-image-8570\" alt=\"\" srcset=\"https:\/\/habaguanexcuba.com\/wp-content\/uploads\/2024\/04\/Rectangulo-259.png 603w, https:\/\/habaguanexcuba.com\/wp-content\/uploads\/2024\/04\/Rectangulo-259-268x300.png 268w\" sizes=\"(max-width: 603px) 100vw, 603px\" \/>\t\t\t\t\t\t\t\t\t\t\t\t\t\t\t<\/div>\n\t\t\t\t<\/div>\n\t\t\t\t<\/div>\n\t\t<div class=\"elementor-element elementor-element-0a27307 e-con-full e-flex e-con e-child\" data-id=\"0a27307\" data-element_type=\"container\" data-col-higher=\"boxed\">\n\t\t\t\t<div class=\"elementor-element elementor-element-0971d6f elementor-widget elementor-widget-heading\" data-id=\"0971d6f\" data-element_type=\"widget\" data-widget_type=\"heading.default\">\n\t\t\t\t<div class=\"elementor-widget-container\">\n\t\t\t\t\t<h1 class=\"elementor-heading-title elementor-size-default\">Ritmo Urbano: Erlebe die Stadt auf deine Weise<\/h1>\t\t\t\t<\/div>\n\t\t\t\t<\/div>\n\t\t\t\t<div class=\"elementor-element elementor-element-cda25d9 elementor-widget-mobile__width-inherit elementor-widget elementor-widget-heading\" data-id=\"cda25d9\" data-element_type=\"widget\" data-widget_type=\"heading.default\">\n\t\t\t\t<div class=\"elementor-widget-container\">\n\t\t\t\t\t<h2 class=\"elementor-heading-title elementor-size-default\">Bis zu 20 % Rabatt<\/h2>\t\t\t\t<\/div>\n\t\t\t\t<\/div>\n\t\t\t\t<div class=\"elementor-element elementor-element-b53694e elementor-widget-tablet__width-inherit elementor-widget elementor-widget-text-editor\" data-id=\"b53694e\" data-element_type=\"widget\" data-widget_type=\"text-editor.default\">\n\t\t\t\t<div class=\"elementor-widget-container\">\n\t\t\t\t\t\t\t\t\t<p class=\"\" data-start=\"3113\" data-end=\"3439\">Tauche ein in die lebendige Seele Kubas, w\u00e4hrend du seine St\u00e4dte voller Geschichte, Geschmack und Kultur erkundest \u2013 jetzt mit <strong>bis zu 20 % Rabatt<\/strong>.<br data-start=\"3259\" data-end=\"3262\" \/>Mit unserem <strong>Angebot Ritmo Urbano<\/strong> entdeckst du Havanna und Baracoa ganz bequem von den Hotels Habaguanex und Baracoa aus, perfekt gelegen, um den wahren Puls der Insel zu sp\u00fcren.<\/p>\n<p><\/p>\n<p class=\"\" data-start=\"3441\" data-end=\"3653\">Buche bei Habaguanex und genie\u00dfe eine exklusive F\u00fchrung durch <strong>Hemingways legend\u00e4res Zimmer<\/strong>.<br data-start=\"3532\" data-end=\"3535\" \/>Entspanne auf unseren Terrassen, genie\u00dfe den Blick \u00fcber die Stadt und erlebe ein authentisches und einzigartiges Kuba.<\/p>\n<p><\/p>\n<p class=\"\" data-start=\"3655\" data-end=\"3768\"><strong data-start=\"3655\" data-end=\"3673\">Buchung im Mai<\/strong><br data-start=\"3673\" data-end=\"3676\" \/><strong data-start=\"3676\" data-end=\"3693\">Reise im Juni<\/strong><br data-start=\"3693\" data-end=\"3696\" \/>Angebot g\u00fcltig ausschlie\u00dflich auf unserer Website und Buchungsplattform.<\/p>\n<p><\/p>\n<p class=\"\" data-start=\"3770\" data-end=\"3861\"><strong data-start=\"3770\" data-end=\"3861\">Entdecke Kuba auf deine Weise und mach deine Reise zu einer unvergesslichen Geschichte!<\/strong><\/p>\n\t\t\t\t\t\t\t\t<\/div>\n\t\t\t\t<\/div>\n\t\t\t\t<\/div>\n\t\t\t\t\t<\/div>\n\t\t\t\t<\/div>\n\t\t\t\t<\/div>\n\t\t","protected":false},"excerpt":{"rendered":"<p>Ritmo Urbano: Erlebe die Stadt auf deine Weise Bis zu 20 % Rabatt Tauche ein in die lebendige Seele Kubas, w\u00e4hrend du seine St\u00e4dte voller Geschichte, Geschmack und Kultur erkundest \u2013 jetzt mit bis zu 20 % Rabatt.Mit unserem Angebot Ritmo Urbano entdeckst du Havanna und Baracoa ganz bequem von den Hotels Habaguanex und Baracoa [&hellip;]<\/p>\n","protected":false},"author":1,"featured_media":14957,"parent":0,"menu_order":0,"comment_status":"closed","ping_status":"closed","template":"elementor_header_footer","meta":{"footnotes":""},"class_list":["post-18641","page","type-page","status-publish","has-post-thumbnail","hentry"],"yoast_head":"<!-- This site is optimized with the Yoast SEO plugin v27.3 - https:\/\/yoast.com\/product\/yoast-seo-wordpress\/ -->\n<title>Exklusive Angebote f\u00fcr Hotels und Services in Kuba | Details | Habaguanex<\/title>\n<meta name=\"description\" content=\"Entdecke die besten Angebote f\u00fcr Hotels, Services und einzigartige Erlebnisse in Kuba. Sichere dir exklusive Rabatte, besondere Aktionen und genie\u00dfe einen unvergesslichen Aufenthalt auf der Insel mit Habaguanex. Erlebe das Beste der kubanischen Kultur und des Erbes zu unschlagbaren Preisen.\" \/>\n<meta name=\"robots\" content=\"index, follow, max-snippet:-1, max-image-preview:large, max-video-preview:-1\" \/>\n<link rel=\"canonical\" href=\"https:\/\/habaguanexcuba.com\/detalle-oferta-20-ritmo-urbano\/\" \/>\n<meta property=\"og:locale\" content=\"de_DE\" \/>\n<meta property=\"og:type\" content=\"article\" \/>\n<meta property=\"og:title\" content=\"Exklusive Angebote f\u00fcr Hotels und Services in Kuba | Details | Habaguanex\" \/>\n<meta property=\"og:description\" content=\"Entdecke die besten Angebote f\u00fcr Hotels, Services und einzigartige Erlebnisse in Kuba. Sichere dir exklusive Rabatte, besondere Aktionen und genie\u00dfe einen unvergesslichen Aufenthalt auf der Insel mit Habaguanex. Erlebe das Beste der kubanischen Kultur und des Erbes zu unschlagbaren Preisen.\" \/>\n<meta property=\"og:url\" content=\"https:\/\/habaguanexcuba.com\/detalle-oferta-20-ritmo-urbano\/\" \/>\n<meta property=\"og:site_name\" content=\"Habaguanex\" \/>\n<meta property=\"article:publisher\" content=\"https:\/\/www.facebook.com\/HotelesHabaguanex?mibextid=ZbWKwL\" \/>\n<meta property=\"article:modified_time\" content=\"2025-05-08T13:45:31+00:00\" \/>\n<meta property=\"og:image\" content=\"https:\/\/habaguanexcuba.com\/wp-content\/uploads\/2024\/09\/hoteles-la-habana-hotel-santa-isabel-galeria-12.jpg\" \/>\n\t<meta property=\"og:image:width\" content=\"1600\" \/>\n\t<meta property=\"og:image:height\" content=\"1200\" \/>\n\t<meta property=\"og:image:type\" content=\"image\/jpeg\" \/>\n<meta name=\"twitter:card\" content=\"summary_large_image\" \/>\n<meta name=\"twitter:label1\" content=\"Gesch\u00e4tzte Lesezeit\" \/>\n\t<meta name=\"twitter:data1\" content=\"1\u00a0Minute\" \/>\n<script type=\"application\/ld+json\" class=\"yoast-schema-graph\">{\"@context\":\"https:\\\/\\\/schema.org\",\"@graph\":[{\"@type\":\"WebPage\",\"@id\":\"https:\\\/\\\/habaguanexcuba.com\\\/detalle-oferta-20-ritmo-urbano\\\/\",\"url\":\"https:\\\/\\\/habaguanexcuba.com\\\/detalle-oferta-20-ritmo-urbano\\\/\",\"name\":\"Exklusive Angebote f\u00fcr Hotels und Services in Kuba | Details | Habaguanex\",\"isPartOf\":{\"@id\":\"https:\\\/\\\/habaguanexcuba.com\\\/#website\"},\"primaryImageOfPage\":{\"@id\":\"https:\\\/\\\/habaguanexcuba.com\\\/detalle-oferta-20-ritmo-urbano\\\/#primaryimage\"},\"image\":{\"@id\":\"https:\\\/\\\/habaguanexcuba.com\\\/detalle-oferta-20-ritmo-urbano\\\/#primaryimage\"},\"thumbnailUrl\":\"https:\\\/\\\/habaguanexcuba.com\\\/wp-content\\\/uploads\\\/2024\\\/09\\\/hoteles-la-habana-hotel-santa-isabel-galeria-12.jpg\",\"datePublished\":\"2025-05-08T12:46:17+00:00\",\"dateModified\":\"2025-05-08T13:45:31+00:00\",\"description\":\"Entdecke die besten Angebote f\u00fcr Hotels, Services und einzigartige Erlebnisse in Kuba. Sichere dir exklusive Rabatte, besondere Aktionen und genie\u00dfe einen unvergesslichen Aufenthalt auf der Insel mit Habaguanex. Erlebe das Beste der kubanischen Kultur und des Erbes zu unschlagbaren Preisen.\",\"breadcrumb\":{\"@id\":\"https:\\\/\\\/habaguanexcuba.com\\\/detalle-oferta-20-ritmo-urbano\\\/#breadcrumb\"},\"inLanguage\":\"de\",\"potentialAction\":[{\"@type\":\"ReadAction\",\"target\":[\"https:\\\/\\\/habaguanexcuba.com\\\/detalle-oferta-20-ritmo-urbano\\\/\"]}]},{\"@type\":\"ImageObject\",\"inLanguage\":\"de\",\"@id\":\"https:\\\/\\\/habaguanexcuba.com\\\/detalle-oferta-20-ritmo-urbano\\\/#primaryimage\",\"url\":\"https:\\\/\\\/habaguanexcuba.com\\\/wp-content\\\/uploads\\\/2024\\\/09\\\/hoteles-la-habana-hotel-santa-isabel-galeria-12.jpg\",\"contentUrl\":\"https:\\\/\\\/habaguanexcuba.com\\\/wp-content\\\/uploads\\\/2024\\\/09\\\/hoteles-la-habana-hotel-santa-isabel-galeria-12.jpg\",\"width\":1600,\"height\":1200},{\"@type\":\"BreadcrumbList\",\"@id\":\"https:\\\/\\\/habaguanexcuba.com\\\/detalle-oferta-20-ritmo-urbano\\\/#breadcrumb\",\"itemListElement\":[{\"@type\":\"ListItem\",\"position\":1,\"name\":\"Home\",\"item\":\"https:\\\/\\\/habaguanexcuba.com\\\/\"},{\"@type\":\"ListItem\",\"position\":2,\"name\":\"Angebotsdetails 20 % Ritmo Urbano\"}]},{\"@type\":\"WebSite\",\"@id\":\"https:\\\/\\\/habaguanexcuba.com\\\/#website\",\"url\":\"https:\\\/\\\/habaguanexcuba.com\\\/\",\"name\":\"Habaguanex\",\"description\":\"Descubre la aut\u00e9ntica esencia de Cuba con Habaguanex. Explora la cultura, historia y belleza de La Habana y m\u00e1s all\u00e1 con nuestras experiencias \u00fanicas y servicios tur\u00edsticos de calidad. \u00a1Vive el coraz\u00f3n de Cuba con nosotros!\",\"publisher\":{\"@id\":\"https:\\\/\\\/habaguanexcuba.com\\\/#organization\"},\"alternateName\":\"[OFICIAL\u00ae] Habaguanex Cuba | Descubre el coraz\u00f3n de Cuba\",\"potentialAction\":[{\"@type\":\"SearchAction\",\"target\":{\"@type\":\"EntryPoint\",\"urlTemplate\":\"https:\\\/\\\/habaguanexcuba.com\\\/?s={search_term_string}\"},\"query-input\":{\"@type\":\"PropertyValueSpecification\",\"valueRequired\":true,\"valueName\":\"search_term_string\"}}],\"inLanguage\":\"de\"},{\"@type\":\"Organization\",\"@id\":\"https:\\\/\\\/habaguanexcuba.com\\\/#organization\",\"name\":\"Habaguanex\",\"alternateName\":\"[OFICIAL\u00ae] Habaguanex Cuba | Descubre el coraz\u00f3n de Cuba\",\"url\":\"https:\\\/\\\/habaguanexcuba.com\\\/\",\"logo\":{\"@type\":\"ImageObject\",\"inLanguage\":\"de\",\"@id\":\"https:\\\/\\\/habaguanexcuba.com\\\/#\\\/schema\\\/logo\\\/image\\\/\",\"url\":\"https:\\\/\\\/habaguanexcuba.com\\\/wp-content\\\/uploads\\\/2024\\\/01\\\/favicon_hab_azul.png\",\"contentUrl\":\"https:\\\/\\\/habaguanexcuba.com\\\/wp-content\\\/uploads\\\/2024\\\/01\\\/favicon_hab_azul.png\",\"width\":32,\"height\":32,\"caption\":\"Habaguanex\"},\"image\":{\"@id\":\"https:\\\/\\\/habaguanexcuba.com\\\/#\\\/schema\\\/logo\\\/image\\\/\"},\"sameAs\":[\"https:\\\/\\\/www.facebook.com\\\/HotelesHabaguanex?mibextid=ZbWKwL\",\"https:\\\/\\\/www.instagram.com\\\/hoteleshabaguanex_oficial\\\/?igsh=MTMyMTl4NzZhaWVpMw==\"]}]}<\/script>\n<!-- \/ Yoast SEO plugin. -->","yoast_head_json":{"title":"Exklusive Angebote f\u00fcr Hotels und Services in Kuba | Details | Habaguanex","description":"Entdecke die besten Angebote f\u00fcr Hotels, Services und einzigartige Erlebnisse in Kuba. Sichere dir exklusive Rabatte, besondere Aktionen und genie\u00dfe einen unvergesslichen Aufenthalt auf der Insel mit Habaguanex. Erlebe das Beste der kubanischen Kultur und des Erbes zu unschlagbaren Preisen.","robots":{"index":"index","follow":"follow","max-snippet":"max-snippet:-1","max-image-preview":"max-image-preview:large","max-video-preview":"max-video-preview:-1"},"canonical":"https:\/\/habaguanexcuba.com\/detalle-oferta-20-ritmo-urbano\/","og_locale":"de_DE","og_type":"article","og_title":"Exklusive Angebote f\u00fcr Hotels und Services in Kuba | Details | Habaguanex","og_description":"Entdecke die besten Angebote f\u00fcr Hotels, Services und einzigartige Erlebnisse in Kuba. Sichere dir exklusive Rabatte, besondere Aktionen und genie\u00dfe einen unvergesslichen Aufenthalt auf der Insel mit Habaguanex. Erlebe das Beste der kubanischen Kultur und des Erbes zu unschlagbaren Preisen.","og_url":"https:\/\/habaguanexcuba.com\/detalle-oferta-20-ritmo-urbano\/","og_site_name":"Habaguanex","article_publisher":"https:\/\/www.facebook.com\/HotelesHabaguanex?mibextid=ZbWKwL","article_modified_time":"2025-05-08T13:45:31+00:00","og_image":[{"width":1600,"height":1200,"url":"https:\/\/habaguanexcuba.com\/wp-content\/uploads\/2024\/09\/hoteles-la-habana-hotel-santa-isabel-galeria-12.jpg","type":"image\/jpeg"}],"twitter_card":"summary_large_image","twitter_misc":{"Gesch\u00e4tzte Lesezeit":"1\u00a0Minute"},"schema":{"@context":"https:\/\/schema.org","@graph":[{"@type":"WebPage","@id":"https:\/\/habaguanexcuba.com\/detalle-oferta-20-ritmo-urbano\/","url":"https:\/\/habaguanexcuba.com\/detalle-oferta-20-ritmo-urbano\/","name":"Exklusive Angebote f\u00fcr Hotels und Services in Kuba | Details | Habaguanex","isPartOf":{"@id":"https:\/\/habaguanexcuba.com\/#website"},"primaryImageOfPage":{"@id":"https:\/\/habaguanexcuba.com\/detalle-oferta-20-ritmo-urbano\/#primaryimage"},"image":{"@id":"https:\/\/habaguanexcuba.com\/detalle-oferta-20-ritmo-urbano\/#primaryimage"},"thumbnailUrl":"https:\/\/habaguanexcuba.com\/wp-content\/uploads\/2024\/09\/hoteles-la-habana-hotel-santa-isabel-galeria-12.jpg","datePublished":"2025-05-08T12:46:17+00:00","dateModified":"2025-05-08T13:45:31+00:00","description":"Entdecke die besten Angebote f\u00fcr Hotels, Services und einzigartige Erlebnisse in Kuba. Sichere dir exklusive Rabatte, besondere Aktionen und genie\u00dfe einen unvergesslichen Aufenthalt auf der Insel mit Habaguanex. Erlebe das Beste der kubanischen Kultur und des Erbes zu unschlagbaren Preisen.","breadcrumb":{"@id":"https:\/\/habaguanexcuba.com\/detalle-oferta-20-ritmo-urbano\/#breadcrumb"},"inLanguage":"de","potentialAction":[{"@type":"ReadAction","target":["https:\/\/habaguanexcuba.com\/detalle-oferta-20-ritmo-urbano\/"]}]},{"@type":"ImageObject","inLanguage":"de","@id":"https:\/\/habaguanexcuba.com\/detalle-oferta-20-ritmo-urbano\/#primaryimage","url":"https:\/\/habaguanexcuba.com\/wp-content\/uploads\/2024\/09\/hoteles-la-habana-hotel-santa-isabel-galeria-12.jpg","contentUrl":"https:\/\/habaguanexcuba.com\/wp-content\/uploads\/2024\/09\/hoteles-la-habana-hotel-santa-isabel-galeria-12.jpg","width":1600,"height":1200},{"@type":"BreadcrumbList","@id":"https:\/\/habaguanexcuba.com\/detalle-oferta-20-ritmo-urbano\/#breadcrumb","itemListElement":[{"@type":"ListItem","position":1,"name":"Home","item":"https:\/\/habaguanexcuba.com\/"},{"@type":"ListItem","position":2,"name":"Angebotsdetails 20 % Ritmo Urbano"}]},{"@type":"WebSite","@id":"https:\/\/habaguanexcuba.com\/#website","url":"https:\/\/habaguanexcuba.com\/","name":"Habaguanex","description":"Descubre la aut\u00e9ntica esencia de Cuba con Habaguanex. Explora la cultura, historia y belleza de La Habana y m\u00e1s all\u00e1 con nuestras experiencias \u00fanicas y servicios tur\u00edsticos de calidad. \u00a1Vive el coraz\u00f3n de Cuba con nosotros!","publisher":{"@id":"https:\/\/habaguanexcuba.com\/#organization"},"alternateName":"[OFICIAL\u00ae] Habaguanex Cuba | Descubre el coraz\u00f3n de Cuba","potentialAction":[{"@type":"SearchAction","target":{"@type":"EntryPoint","urlTemplate":"https:\/\/habaguanexcuba.com\/?s={search_term_string}"},"query-input":{"@type":"PropertyValueSpecification","valueRequired":true,"valueName":"search_term_string"}}],"inLanguage":"de"},{"@type":"Organization","@id":"https:\/\/habaguanexcuba.com\/#organization","name":"Habaguanex","alternateName":"[OFICIAL\u00ae] Habaguanex Cuba | Descubre el coraz\u00f3n de Cuba","url":"https:\/\/habaguanexcuba.com\/","logo":{"@type":"ImageObject","inLanguage":"de","@id":"https:\/\/habaguanexcuba.com\/#\/schema\/logo\/image\/","url":"https:\/\/habaguanexcuba.com\/wp-content\/uploads\/2024\/01\/favicon_hab_azul.png","contentUrl":"https:\/\/habaguanexcuba.com\/wp-content\/uploads\/2024\/01\/favicon_hab_azul.png","width":32,"height":32,"caption":"Habaguanex"},"image":{"@id":"https:\/\/habaguanexcuba.com\/#\/schema\/logo\/image\/"},"sameAs":["https:\/\/www.facebook.com\/HotelesHabaguanex?mibextid=ZbWKwL","https:\/\/www.instagram.com\/hoteleshabaguanex_oficial\/?igsh=MTMyMTl4NzZhaWVpMw=="]}]}},"_links":{"self":[{"href":"https:\/\/habaguanexcuba.com\/de\/wp-json\/wp\/v2\/pages\/18641","targetHints":{"allow":["GET"]}}],"collection":[{"href":"https:\/\/habaguanexcuba.com\/de\/wp-json\/wp\/v2\/pages"}],"about":[{"href":"https:\/\/habaguanexcuba.com\/de\/wp-json\/wp\/v2\/types\/page"}],"author":[{"embeddable":true,"href":"https:\/\/habaguanexcuba.com\/de\/wp-json\/wp\/v2\/users\/1"}],"replies":[{"embeddable":true,"href":"https:\/\/habaguanexcuba.com\/de\/wp-json\/wp\/v2\/comments?post=18641"}],"version-history":[{"count":1,"href":"https:\/\/habaguanexcuba.com\/de\/wp-json\/wp\/v2\/pages\/18641\/revisions"}],"predecessor-version":[{"id":18642,"href":"https:\/\/habaguanexcuba.com\/de\/wp-json\/wp\/v2\/pages\/18641\/revisions\/18642"}],"wp:featuredmedia":[{"embeddable":true,"href":"https:\/\/habaguanexcuba.com\/de\/wp-json\/wp\/v2\/media\/14957"}],"wp:attachment":[{"href":"https:\/\/habaguanexcuba.com\/de\/wp-json\/wp\/v2\/media?parent=18641"}],"curies":[{"name":"wp","href":"https:\/\/api.w.org\/{rel}","templated":true}]}}