{"id":9875,"date":"2024-05-03T09:48:50","date_gmt":"2024-05-03T07:48:50","guid":{"rendered":"https:\/\/habaguanexcuba.com\/bedingungen-und-konditionen\/"},"modified":"2025-01-23T11:11:31","modified_gmt":"2025-01-23T10:11:31","slug":"bedingungen-und-konditionen","status":"publish","type":"page","link":"https:\/\/habaguanexcuba.com\/de\/bedingungen-und-konditionen\/","title":{"rendered":"Bedingungen und Konditionen"},"content":{"rendered":"\t\t<div data-elementor-type=\"wp-page\" data-elementor-id=\"9875\" class=\"elementor elementor-9875 elementor-5972\" data-elementor-post-type=\"page\">\n\t\t\t\t<div class=\"elementor-element elementor-element-9e5ee92 e-con-full e-flex e-con e-parent\" data-id=\"9e5ee92\" data-element_type=\"container\">\n\t\t<div class=\"elementor-element elementor-element-35e2a6e e-con-full e-flex e-con e-child\" data-id=\"35e2a6e\" data-element_type=\"container\">\n\t\t\t\t<div class=\"elementor-element elementor-element-fdf6d8a elementor-widget elementor-widget-heading\" data-id=\"fdf6d8a\" data-element_type=\"widget\" data-widget_type=\"heading.default\">\n\t\t\t\t<div class=\"elementor-widget-container\">\n\t\t\t\t\t<h1 class=\"elementor-heading-title elementor-size-default\">Bedingungen und Konditionen<\/h1>\t\t\t\t<\/div>\n\t\t\t\t<\/div>\n\t\t\t\t<div class=\"elementor-element elementor-element-48501ce elementor-widget elementor-widget-heading\" data-id=\"48501ce\" data-element_type=\"widget\" data-widget_type=\"heading.default\">\n\t\t\t\t<div class=\"elementor-widget-container\">\n\t\t\t\t\t<h2 class=\"elementor-heading-title elementor-size-default\">Zahlungsbedingungen, Nichterscheinen und Stornierung<\/h2>\t\t\t\t<\/div>\n\t\t\t\t<\/div>\n\t\t\t\t<div class=\"elementor-element elementor-element-6b8fd94 elementor-widget elementor-widget-text-editor\" data-id=\"6b8fd94\" data-element_type=\"widget\" data-widget_type=\"text-editor.default\">\n\t\t\t\t<div class=\"elementor-widget-container\">\n\t\t\t\t\t\t\t\t\t<p>F\u00fcr die Hotels Playa, Kohly &#8211; Bosque, Los Helechos, Villen und Hostels.<\/p>\n<ol>\n<li>Im Falle von No-Show (Nichterscheinen) stellt das Hotel den Gesamtbetrag des Aufenthaltes in Rechnung.<\/li>\n<li>Bei Stornierungen 3 Tage im Voraus berechnet das Hotel 50 % der Reservierung.<\/li>\n<\/ol>\n\t\t\t\t\t\t\t\t<\/div>\n\t\t\t\t<\/div>\n\t\t\t\t<div class=\"elementor-element elementor-element-3bbf866 elementor-widget elementor-widget-heading\" data-id=\"3bbf866\" data-element_type=\"widget\" data-widget_type=\"heading.default\">\n\t\t\t\t<div class=\"elementor-widget-container\">\n\t\t\t\t\t<h2 class=\"elementor-heading-title elementor-size-default\">Aufnahme<\/h2>\t\t\t\t<\/div>\n\t\t\t\t<\/div>\n\t\t\t\t<div class=\"elementor-element elementor-element-fe31cf2 elementor-widget elementor-widget-text-editor\" data-id=\"fe31cf2\" data-element_type=\"widget\" data-widget_type=\"text-editor.default\">\n\t\t\t\t<div class=\"elementor-widget-container\">\n\t\t\t\t\t\t\t\t\t<p>Die Hotels stellen die Unterkunft der Person zur Verf\u00fcgung, auf deren Namen die Reservierung vorgenommen wurde (Reservierungsinhaber), sowie der genauen Anzahl der in der Reservierung f\u00fcr jedes Zimmer angegebenen Begleitpersonen. Der Reservierungsinhaber muss beim Check-in anwesend sein, und alle G\u00e4ste m\u00fcssen einen g\u00fcltigen Reisepass vorlegen. Die Zimmer stehen am Anreisetag ab 16.00 Uhr zur Verf\u00fcgung und m\u00fcssen am Abreisetag vor 12.00 Uhr verlassen werden. Die Anzahl der G\u00e4ste pro Zimmer ist auf die vom Hotel bereitgestellte Bettenzahl begrenzt.<\/p>\n\t\t\t\t\t\t\t\t<\/div>\n\t\t\t\t<\/div>\n\t\t\t\t<div class=\"elementor-element elementor-element-45e2a5e elementor-widget elementor-widget-heading\" data-id=\"45e2a5e\" data-element_type=\"widget\" data-widget_type=\"heading.default\">\n\t\t\t\t<div class=\"elementor-widget-container\">\n\t\t\t\t\t<h3 class=\"elementor-heading-title elementor-size-default\">Kinder:<\/h3>\t\t\t\t<\/div>\n\t\t\t\t<\/div>\n\t\t\t\t<div class=\"elementor-element elementor-element-24d6693 elementor-widget elementor-widget-text-editor\" data-id=\"24d6693\" data-element_type=\"widget\" data-widget_type=\"text-editor.default\">\n\t\t\t\t<div class=\"elementor-widget-container\">\n\t\t\t\t\t\t\t\t\t<p>Kinder von 0 bis 2,99 Jahre alt: kostenlos. Kinderbetten sollten je nach Verf\u00fcgbarkeit und gegen Aufpreis direkt im Hotel angefordert werden.<\/p>\n<p>Kinder von 3 bis 12,99 (bis zu 2 Personen je nach Verf\u00fcgbarkeit), die sich ein Zimmer mit 2 Erwachsenen teilen, erhalten 50 % Erm\u00e4\u00dfigung auf den Erwachsenenpreis.<\/p>\n<p>Kinder ab 13 Jahren zahlen den Erwachsenenpreis.<\/p>\n<p>F\u00fcr den Fall, dass eine Reservierung mit einer oder mehreren Personen f\u00fcr Kinderpreise vorgenommen wurde und diese bei Ankunft der Kunden die Altersgrenze \u00fcberschreiten, wird ihnen die Differenz unter Ber\u00fccksichtigung des \u00f6ffentlichen Preises des Hotels in Rechnung gestellt.<\/p>\n\t\t\t\t\t\t\t\t<\/div>\n\t\t\t\t<\/div>\n\t\t\t\t<div class=\"elementor-element elementor-element-9f0054d elementor-widget elementor-widget-heading\" data-id=\"9f0054d\" data-element_type=\"widget\" data-widget_type=\"heading.default\">\n\t\t\t\t<div class=\"elementor-widget-container\">\n\t\t\t\t\t<h3 class=\"elementor-heading-title elementor-size-default\">Hausrecht:<\/h3>\t\t\t\t<\/div>\n\t\t\t\t<\/div>\n\t\t\t\t<div class=\"elementor-element elementor-element-f33f02a elementor-widget elementor-widget-text-editor\" data-id=\"f33f02a\" data-element_type=\"widget\" data-widget_type=\"text-editor.default\">\n\t\t\t\t<div class=\"elementor-widget-container\">\n\t\t\t\t\t\t\t\t\t<div class=\"text-section col-12 px-0  \">\n<div class=\"content text \">\n<p>Wenn bei Erhalt der pers\u00f6nlichen Daten der Kunden oder bei Ankunft im Hotel die Reservierungsabteilungen nach dem \u201eUnerw\u00fcnschte Kunden\u201c-System einen solchen Kunden identifizieren, k\u00f6nnen Sie sofort von dem Recht auf Nichtzulassung Gebrauch machen. Diese Feststellung wird den Kunden nach Erhalt der Daten von den Reservierungsabteilungen mitgeteilt. Gaviota beh\u00e4lt sich das Recht vor, den Kunden rechtzeitig und unverz\u00fcglich zu informieren.<\/p>\n<\/div>\n<\/div>\n\t\t\t\t\t\t\t\t<\/div>\n\t\t\t\t<\/div>\n\t\t\t\t<\/div>\n\t\t\t\t<\/div>\n\t\t\t\t<\/div>\n\t\t","protected":false},"excerpt":{"rendered":"<p>Bedingungen und Konditionen Zahlungsbedingungen, Nichterscheinen und Stornierung F\u00fcr die Hotels Playa, Kohly &#8211; Bosque, Los Helechos, Villen und Hostels. Im Falle von No-Show (Nichterscheinen) stellt das Hotel den Gesamtbetrag des Aufenthaltes in Rechnung. Bei Stornierungen 3 Tage im Voraus berechnet das Hotel 50 % der Reservierung. Aufnahme Die Hotels stellen die Unterkunft der Person zur [&hellip;]<\/p>\n","protected":false},"author":1,"featured_media":13642,"parent":0,"menu_order":0,"comment_status":"closed","ping_status":"closed","template":"elementor_header_footer","meta":{"footnotes":""},"class_list":["post-9875","page","type-page","status-publish","has-post-thumbnail","hentry"],"yoast_head":"<!-- This site is optimized with the Yoast SEO plugin v27.3 - https:\/\/yoast.com\/product\/yoast-seo-wordpress\/ -->\n<title>Bedingungen und Konditionen - Habaguanex<\/title>\n<meta name=\"description\" content=\"Lesen Sie die Allgemeinen Gesch\u00e4ftsbedingungen von Habaguanex, um unsere Richtlinien und Anforderungen kennenzulernen. Diese Seite bietet detaillierte Informationen zu Reservierungen, Stornierungen und zur Nutzung der Website. Stellen Sie sicher, dass Sie unsere Regeln \u00fcberpr\u00fcfen, bevor Sie Ihre n\u00e4chste Reservierung in Cuba vornehmen.\" \/>\n<meta name=\"robots\" content=\"index, follow, max-snippet:-1, max-image-preview:large, max-video-preview:-1\" \/>\n<link rel=\"canonical\" href=\"https:\/\/habaguanexcuba.com\/terminos-y-condiciones\/\" \/>\n<meta property=\"og:locale\" content=\"de_DE\" \/>\n<meta property=\"og:type\" content=\"article\" \/>\n<meta property=\"og:title\" content=\"Bedingungen und Konditionen - Habaguanex\" \/>\n<meta property=\"og:description\" content=\"Lesen Sie die Allgemeinen Gesch\u00e4ftsbedingungen von Habaguanex, um unsere Richtlinien und Anforderungen kennenzulernen. Diese Seite bietet detaillierte Informationen zu Reservierungen, Stornierungen und zur Nutzung der Website. Stellen Sie sicher, dass Sie unsere Regeln \u00fcberpr\u00fcfen, bevor Sie Ihre n\u00e4chste Reservierung in Cuba vornehmen.\" \/>\n<meta property=\"og:url\" content=\"https:\/\/habaguanexcuba.com\/terminos-y-condiciones\/\" \/>\n<meta property=\"og:site_name\" content=\"Habaguanex\" \/>\n<meta property=\"article:publisher\" content=\"https:\/\/www.facebook.com\/HotelesHabaguanex?mibextid=ZbWKwL\" \/>\n<meta property=\"article:modified_time\" content=\"2025-01-23T10:11:31+00:00\" \/>\n<meta property=\"og:image\" content=\"https:\/\/habaguanexcuba.com\/wp-content\/uploads\/2024\/09\/terminos.jpg\" \/>\n\t<meta property=\"og:image:width\" content=\"1280\" \/>\n\t<meta property=\"og:image:height\" content=\"853\" \/>\n\t<meta property=\"og:image:type\" content=\"image\/jpeg\" \/>\n<meta name=\"twitter:card\" content=\"summary_large_image\" \/>\n<meta name=\"twitter:label1\" content=\"Gesch\u00e4tzte Lesezeit\" \/>\n\t<meta name=\"twitter:data1\" content=\"1\u00a0Minute\" \/>\n<script type=\"application\/ld+json\" class=\"yoast-schema-graph\">{\"@context\":\"https:\\\/\\\/schema.org\",\"@graph\":[{\"@type\":\"WebPage\",\"@id\":\"https:\\\/\\\/habaguanexcuba.com\\\/terminos-y-condiciones\\\/\",\"url\":\"https:\\\/\\\/habaguanexcuba.com\\\/terminos-y-condiciones\\\/\",\"name\":\"Bedingungen und Konditionen - Habaguanex\",\"isPartOf\":{\"@id\":\"https:\\\/\\\/habaguanexcuba.com\\\/#website\"},\"primaryImageOfPage\":{\"@id\":\"https:\\\/\\\/habaguanexcuba.com\\\/terminos-y-condiciones\\\/#primaryimage\"},\"image\":{\"@id\":\"https:\\\/\\\/habaguanexcuba.com\\\/terminos-y-condiciones\\\/#primaryimage\"},\"thumbnailUrl\":\"https:\\\/\\\/habaguanexcuba.com\\\/wp-content\\\/uploads\\\/2024\\\/09\\\/terminos.jpg\",\"datePublished\":\"2024-05-03T07:48:50+00:00\",\"dateModified\":\"2025-01-23T10:11:31+00:00\",\"description\":\"Lesen Sie die Allgemeinen Gesch\u00e4ftsbedingungen von Habaguanex, um unsere Richtlinien und Anforderungen kennenzulernen. Diese Seite bietet detaillierte Informationen zu Reservierungen, Stornierungen und zur Nutzung der Website. Stellen Sie sicher, dass Sie unsere Regeln \u00fcberpr\u00fcfen, bevor Sie Ihre n\u00e4chste Reservierung in Cuba vornehmen.\",\"breadcrumb\":{\"@id\":\"https:\\\/\\\/habaguanexcuba.com\\\/terminos-y-condiciones\\\/#breadcrumb\"},\"inLanguage\":\"de\",\"potentialAction\":[{\"@type\":\"ReadAction\",\"target\":[\"https:\\\/\\\/habaguanexcuba.com\\\/terminos-y-condiciones\\\/\"]}]},{\"@type\":\"ImageObject\",\"inLanguage\":\"de\",\"@id\":\"https:\\\/\\\/habaguanexcuba.com\\\/terminos-y-condiciones\\\/#primaryimage\",\"url\":\"https:\\\/\\\/habaguanexcuba.com\\\/wp-content\\\/uploads\\\/2024\\\/09\\\/terminos.jpg\",\"contentUrl\":\"https:\\\/\\\/habaguanexcuba.com\\\/wp-content\\\/uploads\\\/2024\\\/09\\\/terminos.jpg\",\"width\":1280,\"height\":853},{\"@type\":\"BreadcrumbList\",\"@id\":\"https:\\\/\\\/habaguanexcuba.com\\\/terminos-y-condiciones\\\/#breadcrumb\",\"itemListElement\":[{\"@type\":\"ListItem\",\"position\":1,\"name\":\"Home\",\"item\":\"https:\\\/\\\/habaguanexcuba.com\\\/\"},{\"@type\":\"ListItem\",\"position\":2,\"name\":\"Bedingungen und Konditionen\"}]},{\"@type\":\"WebSite\",\"@id\":\"https:\\\/\\\/habaguanexcuba.com\\\/#website\",\"url\":\"https:\\\/\\\/habaguanexcuba.com\\\/\",\"name\":\"Habaguanex\",\"description\":\"Descubre la aut\u00e9ntica esencia de Cuba con Habaguanex. Explora la cultura, historia y belleza de La Habana y m\u00e1s all\u00e1 con nuestras experiencias \u00fanicas y servicios tur\u00edsticos de calidad. \u00a1Vive el coraz\u00f3n de Cuba con nosotros!\",\"publisher\":{\"@id\":\"https:\\\/\\\/habaguanexcuba.com\\\/#organization\"},\"alternateName\":\"[OFICIAL\u00ae] Habaguanex Cuba | Descubre el coraz\u00f3n de Cuba\",\"potentialAction\":[{\"@type\":\"SearchAction\",\"target\":{\"@type\":\"EntryPoint\",\"urlTemplate\":\"https:\\\/\\\/habaguanexcuba.com\\\/?s={search_term_string}\"},\"query-input\":{\"@type\":\"PropertyValueSpecification\",\"valueRequired\":true,\"valueName\":\"search_term_string\"}}],\"inLanguage\":\"de\"},{\"@type\":\"Organization\",\"@id\":\"https:\\\/\\\/habaguanexcuba.com\\\/#organization\",\"name\":\"Habaguanex\",\"alternateName\":\"[OFICIAL\u00ae] Habaguanex Cuba | Descubre el coraz\u00f3n de Cuba\",\"url\":\"https:\\\/\\\/habaguanexcuba.com\\\/\",\"logo\":{\"@type\":\"ImageObject\",\"inLanguage\":\"de\",\"@id\":\"https:\\\/\\\/habaguanexcuba.com\\\/#\\\/schema\\\/logo\\\/image\\\/\",\"url\":\"https:\\\/\\\/habaguanexcuba.com\\\/wp-content\\\/uploads\\\/2024\\\/01\\\/favicon_hab_azul.png\",\"contentUrl\":\"https:\\\/\\\/habaguanexcuba.com\\\/wp-content\\\/uploads\\\/2024\\\/01\\\/favicon_hab_azul.png\",\"width\":32,\"height\":32,\"caption\":\"Habaguanex\"},\"image\":{\"@id\":\"https:\\\/\\\/habaguanexcuba.com\\\/#\\\/schema\\\/logo\\\/image\\\/\"},\"sameAs\":[\"https:\\\/\\\/www.facebook.com\\\/HotelesHabaguanex?mibextid=ZbWKwL\",\"https:\\\/\\\/www.instagram.com\\\/hoteleshabaguanex_oficial\\\/?igsh=MTMyMTl4NzZhaWVpMw==\"]}]}<\/script>\n<!-- \/ Yoast SEO plugin. -->","yoast_head_json":{"title":"Bedingungen und Konditionen - Habaguanex","description":"Lesen Sie die Allgemeinen Gesch\u00e4ftsbedingungen von Habaguanex, um unsere Richtlinien und Anforderungen kennenzulernen. Diese Seite bietet detaillierte Informationen zu Reservierungen, Stornierungen und zur Nutzung der Website. Stellen Sie sicher, dass Sie unsere Regeln \u00fcberpr\u00fcfen, bevor Sie Ihre n\u00e4chste Reservierung in Cuba vornehmen.","robots":{"index":"index","follow":"follow","max-snippet":"max-snippet:-1","max-image-preview":"max-image-preview:large","max-video-preview":"max-video-preview:-1"},"canonical":"https:\/\/habaguanexcuba.com\/terminos-y-condiciones\/","og_locale":"de_DE","og_type":"article","og_title":"Bedingungen und Konditionen - Habaguanex","og_description":"Lesen Sie die Allgemeinen Gesch\u00e4ftsbedingungen von Habaguanex, um unsere Richtlinien und Anforderungen kennenzulernen. Diese Seite bietet detaillierte Informationen zu Reservierungen, Stornierungen und zur Nutzung der Website. Stellen Sie sicher, dass Sie unsere Regeln \u00fcberpr\u00fcfen, bevor Sie Ihre n\u00e4chste Reservierung in Cuba vornehmen.","og_url":"https:\/\/habaguanexcuba.com\/terminos-y-condiciones\/","og_site_name":"Habaguanex","article_publisher":"https:\/\/www.facebook.com\/HotelesHabaguanex?mibextid=ZbWKwL","article_modified_time":"2025-01-23T10:11:31+00:00","og_image":[{"width":1280,"height":853,"url":"https:\/\/habaguanexcuba.com\/wp-content\/uploads\/2024\/09\/terminos.jpg","type":"image\/jpeg"}],"twitter_card":"summary_large_image","twitter_misc":{"Gesch\u00e4tzte Lesezeit":"1\u00a0Minute"},"schema":{"@context":"https:\/\/schema.org","@graph":[{"@type":"WebPage","@id":"https:\/\/habaguanexcuba.com\/terminos-y-condiciones\/","url":"https:\/\/habaguanexcuba.com\/terminos-y-condiciones\/","name":"Bedingungen und Konditionen - Habaguanex","isPartOf":{"@id":"https:\/\/habaguanexcuba.com\/#website"},"primaryImageOfPage":{"@id":"https:\/\/habaguanexcuba.com\/terminos-y-condiciones\/#primaryimage"},"image":{"@id":"https:\/\/habaguanexcuba.com\/terminos-y-condiciones\/#primaryimage"},"thumbnailUrl":"https:\/\/habaguanexcuba.com\/wp-content\/uploads\/2024\/09\/terminos.jpg","datePublished":"2024-05-03T07:48:50+00:00","dateModified":"2025-01-23T10:11:31+00:00","description":"Lesen Sie die Allgemeinen Gesch\u00e4ftsbedingungen von Habaguanex, um unsere Richtlinien und Anforderungen kennenzulernen. Diese Seite bietet detaillierte Informationen zu Reservierungen, Stornierungen und zur Nutzung der Website. Stellen Sie sicher, dass Sie unsere Regeln \u00fcberpr\u00fcfen, bevor Sie Ihre n\u00e4chste Reservierung in Cuba vornehmen.","breadcrumb":{"@id":"https:\/\/habaguanexcuba.com\/terminos-y-condiciones\/#breadcrumb"},"inLanguage":"de","potentialAction":[{"@type":"ReadAction","target":["https:\/\/habaguanexcuba.com\/terminos-y-condiciones\/"]}]},{"@type":"ImageObject","inLanguage":"de","@id":"https:\/\/habaguanexcuba.com\/terminos-y-condiciones\/#primaryimage","url":"https:\/\/habaguanexcuba.com\/wp-content\/uploads\/2024\/09\/terminos.jpg","contentUrl":"https:\/\/habaguanexcuba.com\/wp-content\/uploads\/2024\/09\/terminos.jpg","width":1280,"height":853},{"@type":"BreadcrumbList","@id":"https:\/\/habaguanexcuba.com\/terminos-y-condiciones\/#breadcrumb","itemListElement":[{"@type":"ListItem","position":1,"name":"Home","item":"https:\/\/habaguanexcuba.com\/"},{"@type":"ListItem","position":2,"name":"Bedingungen und Konditionen"}]},{"@type":"WebSite","@id":"https:\/\/habaguanexcuba.com\/#website","url":"https:\/\/habaguanexcuba.com\/","name":"Habaguanex","description":"Descubre la aut\u00e9ntica esencia de Cuba con Habaguanex. Explora la cultura, historia y belleza de La Habana y m\u00e1s all\u00e1 con nuestras experiencias \u00fanicas y servicios tur\u00edsticos de calidad. \u00a1Vive el coraz\u00f3n de Cuba con nosotros!","publisher":{"@id":"https:\/\/habaguanexcuba.com\/#organization"},"alternateName":"[OFICIAL\u00ae] Habaguanex Cuba | Descubre el coraz\u00f3n de Cuba","potentialAction":[{"@type":"SearchAction","target":{"@type":"EntryPoint","urlTemplate":"https:\/\/habaguanexcuba.com\/?s={search_term_string}"},"query-input":{"@type":"PropertyValueSpecification","valueRequired":true,"valueName":"search_term_string"}}],"inLanguage":"de"},{"@type":"Organization","@id":"https:\/\/habaguanexcuba.com\/#organization","name":"Habaguanex","alternateName":"[OFICIAL\u00ae] Habaguanex Cuba | Descubre el coraz\u00f3n de Cuba","url":"https:\/\/habaguanexcuba.com\/","logo":{"@type":"ImageObject","inLanguage":"de","@id":"https:\/\/habaguanexcuba.com\/#\/schema\/logo\/image\/","url":"https:\/\/habaguanexcuba.com\/wp-content\/uploads\/2024\/01\/favicon_hab_azul.png","contentUrl":"https:\/\/habaguanexcuba.com\/wp-content\/uploads\/2024\/01\/favicon_hab_azul.png","width":32,"height":32,"caption":"Habaguanex"},"image":{"@id":"https:\/\/habaguanexcuba.com\/#\/schema\/logo\/image\/"},"sameAs":["https:\/\/www.facebook.com\/HotelesHabaguanex?mibextid=ZbWKwL","https:\/\/www.instagram.com\/hoteleshabaguanex_oficial\/?igsh=MTMyMTl4NzZhaWVpMw=="]}]}},"_links":{"self":[{"href":"https:\/\/habaguanexcuba.com\/de\/wp-json\/wp\/v2\/pages\/9875","targetHints":{"allow":["GET"]}}],"collection":[{"href":"https:\/\/habaguanexcuba.com\/de\/wp-json\/wp\/v2\/pages"}],"about":[{"href":"https:\/\/habaguanexcuba.com\/de\/wp-json\/wp\/v2\/types\/page"}],"author":[{"embeddable":true,"href":"https:\/\/habaguanexcuba.com\/de\/wp-json\/wp\/v2\/users\/1"}],"replies":[{"embeddable":true,"href":"https:\/\/habaguanexcuba.com\/de\/wp-json\/wp\/v2\/comments?post=9875"}],"version-history":[{"count":12,"href":"https:\/\/habaguanexcuba.com\/de\/wp-json\/wp\/v2\/pages\/9875\/revisions"}],"predecessor-version":[{"id":18197,"href":"https:\/\/habaguanexcuba.com\/de\/wp-json\/wp\/v2\/pages\/9875\/revisions\/18197"}],"wp:featuredmedia":[{"embeddable":true,"href":"https:\/\/habaguanexcuba.com\/de\/wp-json\/wp\/v2\/media\/13642"}],"wp:attachment":[{"href":"https:\/\/habaguanexcuba.com\/de\/wp-json\/wp\/v2\/media?parent=9875"}],"curies":[{"name":"wp","href":"https:\/\/api.w.org\/{rel}","templated":true}]}}