{"id":17553,"date":"2024-12-23T13:31:07","date_gmt":"2024-12-23T12:31:07","guid":{"rendered":"https:\/\/habaguanexcuba.com\/detail-offert-45-ny\/"},"modified":"2025-01-23T11:18:03","modified_gmt":"2025-01-23T10:18:03","slug":"detail-offert-45-ny","status":"publish","type":"page","link":"https:\/\/habaguanexcuba.com\/en\/detail-offert-45-ny\/","title":{"rendered":"Detail-offert 45% NY"},"content":{"rendered":"\t\t<div data-elementor-type=\"wp-page\" data-elementor-id=\"17553\" class=\"elementor elementor-17553 elementor-17534\" data-elementor-post-type=\"page\">\n\t\t\t\t<div class=\"elementor-element elementor-element-311a1cc e-con-full e-flex e-con e-parent\" data-id=\"311a1cc\" data-element_type=\"container\">\n\t\t<div class=\"elementor-element elementor-element-14bc853 e-con-full elementor-hidden-mobile e-flex e-con e-child\" data-id=\"14bc853\" data-element_type=\"container\" data-settings=\"{&quot;background_background&quot;:&quot;classic&quot;}\">\n\t\t\t\t<div class=\"elementor-element elementor-element-69b6e89 elementor-widget-tablet__width-inherit elementor-widget-mobile__width-initial elementor-absolute elementor-widget elementor-widget-custom-search\" data-id=\"69b6e89\" data-element_type=\"widget\" data-settings=\"{&quot;_position&quot;:&quot;absolute&quot;}\" data-widget_type=\"custom-search.default\">\n\t\t\t\t<div class=\"elementor-widget-container\">\n\t\t\t\t\t        <div id=\"app-container\"><\/div>\n        <div id=\"metadata\" data-metadata='{\"ip\":\"216.73.216.86\",\"country\":\"US\",\"websessionid\":\"user_69d590f0629fd3.34510879\",\"webIdioma\":\"en\",\"moneda\":\"USD\"}'><\/div>\n        <style>\n\t    \t#app-container{\n\t        \tz-index:999;\n        \t}\n        <\/style>\n        \t\t\t\t<\/div>\n\t\t\t\t<\/div>\n\t\t\t\t<\/div>\n\t\t\t\t<div class=\"elementor-element elementor-element-7658201 elementor-hidden-desktop elementor-hidden-tablet elementor-hidden-mobile elementor-widget elementor-widget-breadcrumbs\" data-id=\"7658201\" data-element_type=\"widget\" data-widget_type=\"breadcrumbs.default\">\n\t\t\t\t<div class=\"elementor-widget-container\">\n\t\t\t\t\t<p id=\"breadcrumbs\"><span><span><a href=\"https:\/\/habaguanexcuba.com\/\">Home<\/a><\/span><\/span><\/p>\t\t\t\t<\/div>\n\t\t\t\t<\/div>\n\t\t\t\t<div class=\"elementor-element elementor-element-a9d0f06 elementor-widget elementor-widget-spacer\" data-id=\"a9d0f06\" data-element_type=\"widget\" data-widget_type=\"spacer.default\">\n\t\t\t\t<div class=\"elementor-widget-container\">\n\t\t\t\t\t\t\t<div class=\"elementor-spacer\">\n\t\t\t<div class=\"elementor-spacer-inner\"><\/div>\n\t\t<\/div>\n\t\t\t\t\t\t<\/div>\n\t\t\t\t<\/div>\n\t\t\t\t<\/div>\n\t\t<div class=\"elementor-element elementor-element-7a095f3 e-flex e-con-boxed e-con e-parent\" data-id=\"7a095f3\" data-element_type=\"container\">\n\t\t\t\t\t<div class=\"e-con-inner\">\n\t\t<div class=\"elementor-element elementor-element-eca32ee e-con-full e-flex e-con e-child\" data-id=\"eca32ee\" data-element_type=\"container\" data-settings=\"{&quot;background_background&quot;:&quot;classic&quot;}\" data-col-higher=\"stretch\">\n\t\t\t\t<div class=\"elementor-element elementor-element-d16f782 elementor-widget elementor-widget-image\" data-id=\"d16f782\" data-element_type=\"widget\" data-widget_type=\"image.default\">\n\t\t\t\t<div class=\"elementor-widget-container\">\n\t\t\t\t\t\t\t\t\t\t\t\t\t\t\t<img fetchpriority=\"high\" decoding=\"async\" width=\"603\" height=\"675\" src=\"https:\/\/habaguanexcuba.com\/wp-content\/uploads\/2024\/04\/Rectangulo-259.png\" class=\"attachment-large size-large wp-image-8568\" alt=\"\" srcset=\"https:\/\/habaguanexcuba.com\/wp-content\/uploads\/2024\/04\/Rectangulo-259.png 603w, https:\/\/habaguanexcuba.com\/wp-content\/uploads\/2024\/04\/Rectangulo-259-268x300.png 268w\" sizes=\"(max-width: 603px) 100vw, 603px\" \/>\t\t\t\t\t\t\t\t\t\t\t\t\t\t\t<\/div>\n\t\t\t\t<\/div>\n\t\t\t\t<\/div>\n\t\t<div class=\"elementor-element elementor-element-0a27307 e-con-full e-flex e-con e-child\" data-id=\"0a27307\" data-element_type=\"container\" data-col-higher=\"boxed\">\n\t\t\t\t<div class=\"elementor-element elementor-element-0971d6f elementor-widget elementor-widget-heading\" data-id=\"0971d6f\" data-element_type=\"widget\" data-widget_type=\"heading.default\">\n\t\t\t\t<div class=\"elementor-widget-container\">\n\t\t\t\t\t<h1 class=\"elementor-heading-title elementor-size-default\">Book Today and Discover its Magic<\/h1>\t\t\t\t<\/div>\n\t\t\t\t<\/div>\n\t\t\t\t<div class=\"elementor-element elementor-element-cda25d9 elementor-widget-mobile__width-inherit elementor-widget elementor-widget-heading\" data-id=\"cda25d9\" data-element_type=\"widget\" data-widget_type=\"heading.default\">\n\t\t\t\t<div class=\"elementor-widget-container\">\n\t\t\t\t\t<h2 class=\"elementor-heading-title elementor-size-default\">Up to 45% discount<\/h2>\t\t\t\t<\/div>\n\t\t\t\t<\/div>\n\t\t\t\t<div class=\"elementor-element elementor-element-b53694e elementor-widget-tablet__width-inherit elementor-widget elementor-widget-text-editor\" data-id=\"b53694e\" data-element_type=\"widget\" data-widget_type=\"text-editor.default\">\n\t\t\t\t<div class=\"elementor-widget-container\">\n\t\t\t\t\t\t\t\t\t<p>Walk the cobblestone streets of Old Havana, let yourself be seduced by its colonial architecture and feel the rhythm of the city that never ceases to amaze. Our Habaguanex hotels invite you to live a unique experience in the heart of this iconic city.<\/p>\n<p><strong>Book between Dec. 22 and Jan. 5<\/strong><br \/>\n<strong>Travel through October 31, 2025<\/strong><\/p>\n<p>Explore the history, culture and authentic Cuban essence from the comfort of our hotels, perfectly located for you to enjoy all that Havana has to offer.<\/p>\n<p>Book now and plan your next trip to Havana, where every corner has a story to tell!<\/p>\n\t\t\t\t\t\t\t\t<\/div>\n\t\t\t\t<\/div>\n\t\t\t\t<\/div>\n\t\t\t\t\t<\/div>\n\t\t\t\t<\/div>\n\t\t\t\t<\/div>\n\t\t","protected":false},"excerpt":{"rendered":"<p>Book Today and Discover its Magic Up to 45% discount Walk the cobblestone streets of Old Havana, let yourself be seduced by its colonial architecture and feel the rhythm of the city that never ceases to amaze. Our Habaguanex hotels invite you to live a unique experience in the heart of this iconic city. Book [&hellip;]<\/p>\n","protected":false},"author":1,"featured_media":13310,"parent":0,"menu_order":0,"comment_status":"closed","ping_status":"closed","template":"elementor_header_footer","meta":{"footnotes":""},"class_list":["post-17553","page","type-page","status-publish","has-post-thumbnail","hentry"],"yoast_head":"<!-- This site is optimized with the Yoast SEO plugin v27.3 - https:\/\/yoast.com\/product\/yoast-seo-wordpress\/ -->\n<title>Exclusive Offers in Hotels and Services in Cuba | Details | Habaguanex<\/title>\n<meta name=\"description\" content=\"Explore the best deals on hotels, services and unique experiences in Cuba. Discover exclusive discounts, special promotions and enjoy an unforgettable stay on the island with Habaguanex. Experience the best of Cuban culture and heritage while taking advantage of our unique prices.\" \/>\n<meta name=\"robots\" content=\"index, follow, max-snippet:-1, max-image-preview:large, max-video-preview:-1\" \/>\n<link rel=\"canonical\" href=\"https:\/\/habaguanexcuba.com\/detalle-oferta-45-ny\/\" \/>\n<meta property=\"og:locale\" content=\"en_US\" \/>\n<meta property=\"og:type\" content=\"article\" \/>\n<meta property=\"og:title\" content=\"Exclusive Offers in Hotels and Services in Cuba | Details | Habaguanex\" \/>\n<meta property=\"og:description\" content=\"Explore the best deals on hotels, services and unique experiences in Cuba. Discover exclusive discounts, special promotions and enjoy an unforgettable stay on the island with Habaguanex. Experience the best of Cuban culture and heritage while taking advantage of our unique prices.\" \/>\n<meta property=\"og:url\" content=\"https:\/\/habaguanexcuba.com\/detalle-oferta-45-ny\/\" \/>\n<meta property=\"og:site_name\" content=\"Habaguanex\" \/>\n<meta property=\"article:publisher\" content=\"https:\/\/www.facebook.com\/HotelesHabaguanex?mibextid=ZbWKwL\" \/>\n<meta property=\"article:modified_time\" content=\"2025-01-23T10:18:03+00:00\" \/>\n<meta property=\"og:image\" content=\"https:\/\/habaguanexcuba.com\/wp-content\/uploads\/2024\/09\/hostal-valencia-01-cabecera.jpg\" \/>\n\t<meta property=\"og:image:width\" content=\"1395\" \/>\n\t<meta property=\"og:image:height\" content=\"526\" \/>\n\t<meta property=\"og:image:type\" content=\"image\/jpeg\" \/>\n<meta name=\"twitter:card\" content=\"summary_large_image\" \/>\n<meta name=\"twitter:label1\" content=\"Est. reading time\" \/>\n\t<meta name=\"twitter:data1\" content=\"1 minute\" \/>\n<script type=\"application\/ld+json\" class=\"yoast-schema-graph\">{\"@context\":\"https:\\\/\\\/schema.org\",\"@graph\":[{\"@type\":\"WebPage\",\"@id\":\"https:\\\/\\\/habaguanexcuba.com\\\/detalle-oferta-45-ny\\\/\",\"url\":\"https:\\\/\\\/habaguanexcuba.com\\\/detalle-oferta-45-ny\\\/\",\"name\":\"Exclusive Offers in Hotels and Services in Cuba | Details | Habaguanex\",\"isPartOf\":{\"@id\":\"https:\\\/\\\/habaguanexcuba.com\\\/#website\"},\"primaryImageOfPage\":{\"@id\":\"https:\\\/\\\/habaguanexcuba.com\\\/detalle-oferta-45-ny\\\/#primaryimage\"},\"image\":{\"@id\":\"https:\\\/\\\/habaguanexcuba.com\\\/detalle-oferta-45-ny\\\/#primaryimage\"},\"thumbnailUrl\":\"https:\\\/\\\/habaguanexcuba.com\\\/wp-content\\\/uploads\\\/2024\\\/09\\\/hostal-valencia-01-cabecera.jpg\",\"datePublished\":\"2024-12-23T12:31:07+00:00\",\"dateModified\":\"2025-01-23T10:18:03+00:00\",\"description\":\"Explore the best deals on hotels, services and unique experiences in Cuba. Discover exclusive discounts, special promotions and enjoy an unforgettable stay on the island with Habaguanex. Experience the best of Cuban culture and heritage while taking advantage of our unique prices.\",\"breadcrumb\":{\"@id\":\"https:\\\/\\\/habaguanexcuba.com\\\/detalle-oferta-45-ny\\\/#breadcrumb\"},\"inLanguage\":\"en-US\",\"potentialAction\":[{\"@type\":\"ReadAction\",\"target\":[\"https:\\\/\\\/habaguanexcuba.com\\\/detalle-oferta-45-ny\\\/\"]}]},{\"@type\":\"ImageObject\",\"inLanguage\":\"en-US\",\"@id\":\"https:\\\/\\\/habaguanexcuba.com\\\/detalle-oferta-45-ny\\\/#primaryimage\",\"url\":\"https:\\\/\\\/habaguanexcuba.com\\\/wp-content\\\/uploads\\\/2024\\\/09\\\/hostal-valencia-01-cabecera.jpg\",\"contentUrl\":\"https:\\\/\\\/habaguanexcuba.com\\\/wp-content\\\/uploads\\\/2024\\\/09\\\/hostal-valencia-01-cabecera.jpg\",\"width\":1395,\"height\":526},{\"@type\":\"BreadcrumbList\",\"@id\":\"https:\\\/\\\/habaguanexcuba.com\\\/detalle-oferta-45-ny\\\/#breadcrumb\",\"itemListElement\":[{\"@type\":\"ListItem\",\"position\":1,\"name\":\"Home\",\"item\":\"https:\\\/\\\/habaguanexcuba.com\\\/\"},{\"@type\":\"ListItem\",\"position\":2,\"name\":\"Detail-offert 45% NY\"}]},{\"@type\":\"WebSite\",\"@id\":\"https:\\\/\\\/habaguanexcuba.com\\\/#website\",\"url\":\"https:\\\/\\\/habaguanexcuba.com\\\/\",\"name\":\"Habaguanex\",\"description\":\"Descubre la aut\u00e9ntica esencia de Cuba con Habaguanex. Explora la cultura, historia y belleza de La Habana y m\u00e1s all\u00e1 con nuestras experiencias \u00fanicas y servicios tur\u00edsticos de calidad. \u00a1Vive el coraz\u00f3n de Cuba con nosotros!\",\"publisher\":{\"@id\":\"https:\\\/\\\/habaguanexcuba.com\\\/#organization\"},\"alternateName\":\"[OFICIAL\u00ae] Habaguanex Cuba | Descubre el coraz\u00f3n de Cuba\",\"potentialAction\":[{\"@type\":\"SearchAction\",\"target\":{\"@type\":\"EntryPoint\",\"urlTemplate\":\"https:\\\/\\\/habaguanexcuba.com\\\/?s={search_term_string}\"},\"query-input\":{\"@type\":\"PropertyValueSpecification\",\"valueRequired\":true,\"valueName\":\"search_term_string\"}}],\"inLanguage\":\"en-US\"},{\"@type\":\"Organization\",\"@id\":\"https:\\\/\\\/habaguanexcuba.com\\\/#organization\",\"name\":\"Habaguanex\",\"alternateName\":\"[OFICIAL\u00ae] Habaguanex Cuba | Descubre el coraz\u00f3n de Cuba\",\"url\":\"https:\\\/\\\/habaguanexcuba.com\\\/\",\"logo\":{\"@type\":\"ImageObject\",\"inLanguage\":\"en-US\",\"@id\":\"https:\\\/\\\/habaguanexcuba.com\\\/#\\\/schema\\\/logo\\\/image\\\/\",\"url\":\"https:\\\/\\\/habaguanexcuba.com\\\/wp-content\\\/uploads\\\/2024\\\/01\\\/favicon_hab_azul.png\",\"contentUrl\":\"https:\\\/\\\/habaguanexcuba.com\\\/wp-content\\\/uploads\\\/2024\\\/01\\\/favicon_hab_azul.png\",\"width\":32,\"height\":32,\"caption\":\"Habaguanex\"},\"image\":{\"@id\":\"https:\\\/\\\/habaguanexcuba.com\\\/#\\\/schema\\\/logo\\\/image\\\/\"},\"sameAs\":[\"https:\\\/\\\/www.facebook.com\\\/HotelesHabaguanex?mibextid=ZbWKwL\",\"https:\\\/\\\/www.instagram.com\\\/hoteleshabaguanex_oficial\\\/?igsh=MTMyMTl4NzZhaWVpMw==\"]}]}<\/script>\n<!-- \/ Yoast SEO plugin. -->","yoast_head_json":{"title":"Exclusive Offers in Hotels and Services in Cuba | Details | Habaguanex","description":"Explore the best deals on hotels, services and unique experiences in Cuba. Discover exclusive discounts, special promotions and enjoy an unforgettable stay on the island with Habaguanex. Experience the best of Cuban culture and heritage while taking advantage of our unique prices.","robots":{"index":"index","follow":"follow","max-snippet":"max-snippet:-1","max-image-preview":"max-image-preview:large","max-video-preview":"max-video-preview:-1"},"canonical":"https:\/\/habaguanexcuba.com\/detalle-oferta-45-ny\/","og_locale":"en_US","og_type":"article","og_title":"Exclusive Offers in Hotels and Services in Cuba | Details | Habaguanex","og_description":"Explore the best deals on hotels, services and unique experiences in Cuba. Discover exclusive discounts, special promotions and enjoy an unforgettable stay on the island with Habaguanex. Experience the best of Cuban culture and heritage while taking advantage of our unique prices.","og_url":"https:\/\/habaguanexcuba.com\/detalle-oferta-45-ny\/","og_site_name":"Habaguanex","article_publisher":"https:\/\/www.facebook.com\/HotelesHabaguanex?mibextid=ZbWKwL","article_modified_time":"2025-01-23T10:18:03+00:00","og_image":[{"width":1395,"height":526,"url":"https:\/\/habaguanexcuba.com\/wp-content\/uploads\/2024\/09\/hostal-valencia-01-cabecera.jpg","type":"image\/jpeg"}],"twitter_card":"summary_large_image","twitter_misc":{"Est. reading time":"1 minute"},"schema":{"@context":"https:\/\/schema.org","@graph":[{"@type":"WebPage","@id":"https:\/\/habaguanexcuba.com\/detalle-oferta-45-ny\/","url":"https:\/\/habaguanexcuba.com\/detalle-oferta-45-ny\/","name":"Exclusive Offers in Hotels and Services in Cuba | Details | Habaguanex","isPartOf":{"@id":"https:\/\/habaguanexcuba.com\/#website"},"primaryImageOfPage":{"@id":"https:\/\/habaguanexcuba.com\/detalle-oferta-45-ny\/#primaryimage"},"image":{"@id":"https:\/\/habaguanexcuba.com\/detalle-oferta-45-ny\/#primaryimage"},"thumbnailUrl":"https:\/\/habaguanexcuba.com\/wp-content\/uploads\/2024\/09\/hostal-valencia-01-cabecera.jpg","datePublished":"2024-12-23T12:31:07+00:00","dateModified":"2025-01-23T10:18:03+00:00","description":"Explore the best deals on hotels, services and unique experiences in Cuba. Discover exclusive discounts, special promotions and enjoy an unforgettable stay on the island with Habaguanex. Experience the best of Cuban culture and heritage while taking advantage of our unique prices.","breadcrumb":{"@id":"https:\/\/habaguanexcuba.com\/detalle-oferta-45-ny\/#breadcrumb"},"inLanguage":"en-US","potentialAction":[{"@type":"ReadAction","target":["https:\/\/habaguanexcuba.com\/detalle-oferta-45-ny\/"]}]},{"@type":"ImageObject","inLanguage":"en-US","@id":"https:\/\/habaguanexcuba.com\/detalle-oferta-45-ny\/#primaryimage","url":"https:\/\/habaguanexcuba.com\/wp-content\/uploads\/2024\/09\/hostal-valencia-01-cabecera.jpg","contentUrl":"https:\/\/habaguanexcuba.com\/wp-content\/uploads\/2024\/09\/hostal-valencia-01-cabecera.jpg","width":1395,"height":526},{"@type":"BreadcrumbList","@id":"https:\/\/habaguanexcuba.com\/detalle-oferta-45-ny\/#breadcrumb","itemListElement":[{"@type":"ListItem","position":1,"name":"Home","item":"https:\/\/habaguanexcuba.com\/"},{"@type":"ListItem","position":2,"name":"Detail-offert 45% NY"}]},{"@type":"WebSite","@id":"https:\/\/habaguanexcuba.com\/#website","url":"https:\/\/habaguanexcuba.com\/","name":"Habaguanex","description":"Descubre la aut\u00e9ntica esencia de Cuba con Habaguanex. Explora la cultura, historia y belleza de La Habana y m\u00e1s all\u00e1 con nuestras experiencias \u00fanicas y servicios tur\u00edsticos de calidad. \u00a1Vive el coraz\u00f3n de Cuba con nosotros!","publisher":{"@id":"https:\/\/habaguanexcuba.com\/#organization"},"alternateName":"[OFICIAL\u00ae] Habaguanex Cuba | Descubre el coraz\u00f3n de Cuba","potentialAction":[{"@type":"SearchAction","target":{"@type":"EntryPoint","urlTemplate":"https:\/\/habaguanexcuba.com\/?s={search_term_string}"},"query-input":{"@type":"PropertyValueSpecification","valueRequired":true,"valueName":"search_term_string"}}],"inLanguage":"en-US"},{"@type":"Organization","@id":"https:\/\/habaguanexcuba.com\/#organization","name":"Habaguanex","alternateName":"[OFICIAL\u00ae] Habaguanex Cuba | Descubre el coraz\u00f3n de Cuba","url":"https:\/\/habaguanexcuba.com\/","logo":{"@type":"ImageObject","inLanguage":"en-US","@id":"https:\/\/habaguanexcuba.com\/#\/schema\/logo\/image\/","url":"https:\/\/habaguanexcuba.com\/wp-content\/uploads\/2024\/01\/favicon_hab_azul.png","contentUrl":"https:\/\/habaguanexcuba.com\/wp-content\/uploads\/2024\/01\/favicon_hab_azul.png","width":32,"height":32,"caption":"Habaguanex"},"image":{"@id":"https:\/\/habaguanexcuba.com\/#\/schema\/logo\/image\/"},"sameAs":["https:\/\/www.facebook.com\/HotelesHabaguanex?mibextid=ZbWKwL","https:\/\/www.instagram.com\/hoteleshabaguanex_oficial\/?igsh=MTMyMTl4NzZhaWVpMw=="]}]}},"_links":{"self":[{"href":"https:\/\/habaguanexcuba.com\/en\/wp-json\/wp\/v2\/pages\/17553","targetHints":{"allow":["GET"]}}],"collection":[{"href":"https:\/\/habaguanexcuba.com\/en\/wp-json\/wp\/v2\/pages"}],"about":[{"href":"https:\/\/habaguanexcuba.com\/en\/wp-json\/wp\/v2\/types\/page"}],"author":[{"embeddable":true,"href":"https:\/\/habaguanexcuba.com\/en\/wp-json\/wp\/v2\/users\/1"}],"replies":[{"embeddable":true,"href":"https:\/\/habaguanexcuba.com\/en\/wp-json\/wp\/v2\/comments?post=17553"}],"version-history":[{"count":2,"href":"https:\/\/habaguanexcuba.com\/en\/wp-json\/wp\/v2\/pages\/17553\/revisions"}],"predecessor-version":[{"id":18211,"href":"https:\/\/habaguanexcuba.com\/en\/wp-json\/wp\/v2\/pages\/17553\/revisions\/18211"}],"wp:featuredmedia":[{"embeddable":true,"href":"https:\/\/habaguanexcuba.com\/en\/wp-json\/wp\/v2\/media\/13310"}],"wp:attachment":[{"href":"https:\/\/habaguanexcuba.com\/en\/wp-json\/wp\/v2\/media?parent=17553"}],"curies":[{"name":"wp","href":"https:\/\/api.w.org\/{rel}","templated":true}]}}