{"id":9699,"date":"2024-05-03T10:15:05","date_gmt":"2024-05-03T08:15:05","guid":{"rendered":"https:\/\/habaguanexcuba.com\/recommended-links\/"},"modified":"2025-01-23T10:48:07","modified_gmt":"2025-01-23T09:48:07","slug":"recommended-links","status":"publish","type":"page","link":"https:\/\/habaguanexcuba.com\/en\/recommended-links\/","title":{"rendered":"Recommended links"},"content":{"rendered":"\t\t<div data-elementor-type=\"wp-page\" data-elementor-id=\"9699\" class=\"elementor elementor-9699 elementor-6003\" data-elementor-post-type=\"page\">\n\t\t\t\t<div class=\"elementor-element elementor-element-6389c08 e-con-full e-flex e-con e-parent\" data-id=\"6389c08\" data-element_type=\"container\">\n\t\t<div class=\"elementor-element elementor-element-2e0580a e-con-full elementor-hidden-mobile elementor-hidden-tablet e-flex e-con e-child\" data-id=\"2e0580a\" data-element_type=\"container\" data-settings=\"{&quot;background_background&quot;:&quot;classic&quot;}\">\n\t\t\t\t<\/div>\n\t\t\t\t<div class=\"elementor-element elementor-element-e9e44b4 elementor-widget-tablet__width-inherit elementor-widget-mobile__width-initial elementor-absolute elementor-widget elementor-widget-custom-search\" data-id=\"e9e44b4\" data-element_type=\"widget\" data-settings=\"{&quot;_position&quot;:&quot;absolute&quot;}\" data-widget_type=\"custom-search.default\">\n\t\t\t\t<div class=\"elementor-widget-container\">\n\t\t\t\t\t        <div id=\"app-container\"><\/div>\n        <div id=\"metadata\" data-metadata='{\"ip\":\"216.73.216.86\",\"country\":\"US\",\"websessionid\":\"user_69d590e414d656.58110455\",\"webIdioma\":\"en\",\"moneda\":\"USD\"}'><\/div>\n        <style>\n\t    \t#app-container{\n\t        \tz-index:999;\n        \t}\n        <\/style>\n        \t\t\t\t<\/div>\n\t\t\t\t<\/div>\n\t\t\t\t<div class=\"elementor-element elementor-element-54223d2 elementor-hidden-desktop elementor-hidden-tablet elementor-hidden-mobile elementor-widget elementor-widget-breadcrumbs\" data-id=\"54223d2\" data-element_type=\"widget\" data-widget_type=\"breadcrumbs.default\">\n\t\t\t\t<div class=\"elementor-widget-container\">\n\t\t\t\t\t<p id=\"breadcrumbs\"><span><span><a href=\"https:\/\/habaguanexcuba.com\/\">Home<\/a><\/span><\/span><\/p>\t\t\t\t<\/div>\n\t\t\t\t<\/div>\n\t\t\t\t<div class=\"elementor-element elementor-element-5a2f31c elementor-widget elementor-widget-spacer\" data-id=\"5a2f31c\" data-element_type=\"widget\" data-widget_type=\"spacer.default\">\n\t\t\t\t<div class=\"elementor-widget-container\">\n\t\t\t\t\t\t\t<div class=\"elementor-spacer\">\n\t\t\t<div class=\"elementor-spacer-inner\"><\/div>\n\t\t<\/div>\n\t\t\t\t\t\t<\/div>\n\t\t\t\t<\/div>\n\t\t\t\t<\/div>\n\t\t<div class=\"elementor-element elementor-element-4c460f9 e-con-full e-flex e-con e-parent\" data-id=\"4c460f9\" data-element_type=\"container\">\n\t\t<div class=\"elementor-element elementor-element-2b5e453 e-con-full e-flex e-con e-child\" data-id=\"2b5e453\" data-element_type=\"container\">\n\t\t\t\t<div class=\"elementor-element elementor-element-be1749b elementor-widget elementor-widget-heading\" data-id=\"be1749b\" data-element_type=\"widget\" data-widget_type=\"heading.default\">\n\t\t\t\t<div class=\"elementor-widget-container\">\n\t\t\t\t\t<h1 class=\"elementor-heading-title elementor-size-default\">Recommended links<\/h1>\t\t\t\t<\/div>\n\t\t\t\t<\/div>\n\t\t\t\t<div class=\"elementor-element elementor-element-78cb97d elementor-widget elementor-widget-text-editor\" data-id=\"78cb97d\" data-element_type=\"widget\" data-widget_type=\"text-editor.default\">\n\t\t\t\t<div class=\"elementor-widget-container\">\n\t\t\t\t\t\t\t\t\t<p><a style=\"box-sizing: border-box; padding: 0px; background: 0px 0px; color: #647b91; text-decoration: none;\" href=\"https:\/\/www.cuba.travel\/\">https:\/\/www.cuba.travel\/<\/a><\/p>\n\t\t\t\t\t\t\t\t<\/div>\n\t\t\t\t<\/div>\n\t\t\t\t<div class=\"elementor-element elementor-element-b771d4c elementor-widget elementor-widget-text-editor\" data-id=\"b771d4c\" data-element_type=\"widget\" data-widget_type=\"text-editor.default\">\n\t\t\t\t<div class=\"elementor-widget-container\">\n\t\t\t\t\t\t\t\t\t<p><a style=\"box-sizing: border-box; padding: 0px; background: 0px 0px; color: #647b91; text-decoration: none;\" href=\"https:\/\/www.cubanautica.travel\/\">https:\/\/www.cubanautica.travel\/<\/a><\/p>\n\t\t\t\t\t\t\t\t<\/div>\n\t\t\t\t<\/div>\n\t\t\t\t<\/div>\n\t\t\t\t<\/div>\n\t\t\t\t<\/div>\n\t\t","protected":false},"excerpt":{"rendered":"<p>Recommended links https:\/\/www.cuba.travel\/ https:\/\/www.cubanautica.travel\/<\/p>\n","protected":false},"author":1,"featured_media":11903,"parent":0,"menu_order":0,"comment_status":"closed","ping_status":"closed","template":"elementor_header_footer","meta":{"footnotes":""},"class_list":["post-9699","page","type-page","status-publish","has-post-thumbnail","hentry"],"yoast_head":"<!-- This site is optimized with the Yoast SEO plugin v27.3 - https:\/\/yoast.com\/product\/yoast-seo-wordpress\/ -->\n<title>Recommended Links - Habaguanex<\/title>\n<meta name=\"description\" content=\"Explore the best recommended links from Habaguanex Cuba. Find exclusive hotel deals, unique experiences and special discounts for your trip to the island, book now and experience Cuban culture to the fullest!\" \/>\n<meta name=\"robots\" content=\"index, follow, max-snippet:-1, max-image-preview:large, max-video-preview:-1\" \/>\n<link rel=\"canonical\" href=\"https:\/\/habaguanexcuba.com\/enlaces-recomendados\/\" \/>\n<meta property=\"og:locale\" content=\"en_US\" \/>\n<meta property=\"og:type\" content=\"article\" \/>\n<meta property=\"og:title\" content=\"Recommended Links - Habaguanex\" \/>\n<meta property=\"og:description\" content=\"Explore the best recommended links from Habaguanex Cuba. Find exclusive hotel deals, unique experiences and special discounts for your trip to the island, book now and experience Cuban culture to the fullest!\" \/>\n<meta property=\"og:url\" content=\"https:\/\/habaguanexcuba.com\/enlaces-recomendados\/\" \/>\n<meta property=\"og:site_name\" content=\"Habaguanex\" \/>\n<meta property=\"article:publisher\" content=\"https:\/\/www.facebook.com\/HotelesHabaguanex?mibextid=ZbWKwL\" \/>\n<meta property=\"article:modified_time\" content=\"2025-01-23T09:48:07+00:00\" \/>\n<meta property=\"og:image\" content=\"https:\/\/habaguanexcuba.com\/wp-content\/uploads\/2024\/07\/home-02-cabecera-mobile.jpg\" \/>\n\t<meta property=\"og:image:width\" content=\"375\" \/>\n\t<meta property=\"og:image:height\" content=\"450\" \/>\n\t<meta property=\"og:image:type\" content=\"image\/jpeg\" \/>\n<meta name=\"twitter:card\" content=\"summary_large_image\" \/>\n<script type=\"application\/ld+json\" class=\"yoast-schema-graph\">{\"@context\":\"https:\\\/\\\/schema.org\",\"@graph\":[{\"@type\":\"WebPage\",\"@id\":\"https:\\\/\\\/habaguanexcuba.com\\\/enlaces-recomendados\\\/\",\"url\":\"https:\\\/\\\/habaguanexcuba.com\\\/enlaces-recomendados\\\/\",\"name\":\"Recommended Links - Habaguanex\",\"isPartOf\":{\"@id\":\"https:\\\/\\\/habaguanexcuba.com\\\/#website\"},\"primaryImageOfPage\":{\"@id\":\"https:\\\/\\\/habaguanexcuba.com\\\/enlaces-recomendados\\\/#primaryimage\"},\"image\":{\"@id\":\"https:\\\/\\\/habaguanexcuba.com\\\/enlaces-recomendados\\\/#primaryimage\"},\"thumbnailUrl\":\"https:\\\/\\\/habaguanexcuba.com\\\/wp-content\\\/uploads\\\/2024\\\/07\\\/home-02-cabecera-mobile.jpg\",\"datePublished\":\"2024-05-03T08:15:05+00:00\",\"dateModified\":\"2025-01-23T09:48:07+00:00\",\"description\":\"Explore the best recommended links from Habaguanex Cuba. Find exclusive hotel deals, unique experiences and special discounts for your trip to the island, book now and experience Cuban culture to the fullest!\",\"breadcrumb\":{\"@id\":\"https:\\\/\\\/habaguanexcuba.com\\\/enlaces-recomendados\\\/#breadcrumb\"},\"inLanguage\":\"en-US\",\"potentialAction\":[{\"@type\":\"ReadAction\",\"target\":[\"https:\\\/\\\/habaguanexcuba.com\\\/enlaces-recomendados\\\/\"]}]},{\"@type\":\"ImageObject\",\"inLanguage\":\"en-US\",\"@id\":\"https:\\\/\\\/habaguanexcuba.com\\\/enlaces-recomendados\\\/#primaryimage\",\"url\":\"https:\\\/\\\/habaguanexcuba.com\\\/wp-content\\\/uploads\\\/2024\\\/07\\\/home-02-cabecera-mobile.jpg\",\"contentUrl\":\"https:\\\/\\\/habaguanexcuba.com\\\/wp-content\\\/uploads\\\/2024\\\/07\\\/home-02-cabecera-mobile.jpg\",\"width\":375,\"height\":450},{\"@type\":\"BreadcrumbList\",\"@id\":\"https:\\\/\\\/habaguanexcuba.com\\\/enlaces-recomendados\\\/#breadcrumb\",\"itemListElement\":[{\"@type\":\"ListItem\",\"position\":1,\"name\":\"Home\",\"item\":\"https:\\\/\\\/habaguanexcuba.com\\\/\"},{\"@type\":\"ListItem\",\"position\":2,\"name\":\"Recommended links\"}]},{\"@type\":\"WebSite\",\"@id\":\"https:\\\/\\\/habaguanexcuba.com\\\/#website\",\"url\":\"https:\\\/\\\/habaguanexcuba.com\\\/\",\"name\":\"Habaguanex\",\"description\":\"Descubre la aut\u00e9ntica esencia de Cuba con Habaguanex. Explora la cultura, historia y belleza de La Habana y m\u00e1s all\u00e1 con nuestras experiencias \u00fanicas y servicios tur\u00edsticos de calidad. \u00a1Vive el coraz\u00f3n de Cuba con nosotros!\",\"publisher\":{\"@id\":\"https:\\\/\\\/habaguanexcuba.com\\\/#organization\"},\"alternateName\":\"[OFICIAL\u00ae] Habaguanex Cuba | Descubre el coraz\u00f3n de Cuba\",\"potentialAction\":[{\"@type\":\"SearchAction\",\"target\":{\"@type\":\"EntryPoint\",\"urlTemplate\":\"https:\\\/\\\/habaguanexcuba.com\\\/?s={search_term_string}\"},\"query-input\":{\"@type\":\"PropertyValueSpecification\",\"valueRequired\":true,\"valueName\":\"search_term_string\"}}],\"inLanguage\":\"en-US\"},{\"@type\":\"Organization\",\"@id\":\"https:\\\/\\\/habaguanexcuba.com\\\/#organization\",\"name\":\"Habaguanex\",\"alternateName\":\"[OFICIAL\u00ae] Habaguanex Cuba | Descubre el coraz\u00f3n de Cuba\",\"url\":\"https:\\\/\\\/habaguanexcuba.com\\\/\",\"logo\":{\"@type\":\"ImageObject\",\"inLanguage\":\"en-US\",\"@id\":\"https:\\\/\\\/habaguanexcuba.com\\\/#\\\/schema\\\/logo\\\/image\\\/\",\"url\":\"https:\\\/\\\/habaguanexcuba.com\\\/wp-content\\\/uploads\\\/2024\\\/01\\\/favicon_hab_azul.png\",\"contentUrl\":\"https:\\\/\\\/habaguanexcuba.com\\\/wp-content\\\/uploads\\\/2024\\\/01\\\/favicon_hab_azul.png\",\"width\":32,\"height\":32,\"caption\":\"Habaguanex\"},\"image\":{\"@id\":\"https:\\\/\\\/habaguanexcuba.com\\\/#\\\/schema\\\/logo\\\/image\\\/\"},\"sameAs\":[\"https:\\\/\\\/www.facebook.com\\\/HotelesHabaguanex?mibextid=ZbWKwL\",\"https:\\\/\\\/www.instagram.com\\\/hoteleshabaguanex_oficial\\\/?igsh=MTMyMTl4NzZhaWVpMw==\"]}]}<\/script>\n<!-- \/ Yoast SEO plugin. -->","yoast_head_json":{"title":"Recommended Links - Habaguanex","description":"Explore the best recommended links from Habaguanex Cuba. Find exclusive hotel deals, unique experiences and special discounts for your trip to the island, book now and experience Cuban culture to the fullest!","robots":{"index":"index","follow":"follow","max-snippet":"max-snippet:-1","max-image-preview":"max-image-preview:large","max-video-preview":"max-video-preview:-1"},"canonical":"https:\/\/habaguanexcuba.com\/enlaces-recomendados\/","og_locale":"en_US","og_type":"article","og_title":"Recommended Links - Habaguanex","og_description":"Explore the best recommended links from Habaguanex Cuba. Find exclusive hotel deals, unique experiences and special discounts for your trip to the island, book now and experience Cuban culture to the fullest!","og_url":"https:\/\/habaguanexcuba.com\/enlaces-recomendados\/","og_site_name":"Habaguanex","article_publisher":"https:\/\/www.facebook.com\/HotelesHabaguanex?mibextid=ZbWKwL","article_modified_time":"2025-01-23T09:48:07+00:00","og_image":[{"width":375,"height":450,"url":"https:\/\/habaguanexcuba.com\/wp-content\/uploads\/2024\/07\/home-02-cabecera-mobile.jpg","type":"image\/jpeg"}],"twitter_card":"summary_large_image","schema":{"@context":"https:\/\/schema.org","@graph":[{"@type":"WebPage","@id":"https:\/\/habaguanexcuba.com\/enlaces-recomendados\/","url":"https:\/\/habaguanexcuba.com\/enlaces-recomendados\/","name":"Recommended Links - Habaguanex","isPartOf":{"@id":"https:\/\/habaguanexcuba.com\/#website"},"primaryImageOfPage":{"@id":"https:\/\/habaguanexcuba.com\/enlaces-recomendados\/#primaryimage"},"image":{"@id":"https:\/\/habaguanexcuba.com\/enlaces-recomendados\/#primaryimage"},"thumbnailUrl":"https:\/\/habaguanexcuba.com\/wp-content\/uploads\/2024\/07\/home-02-cabecera-mobile.jpg","datePublished":"2024-05-03T08:15:05+00:00","dateModified":"2025-01-23T09:48:07+00:00","description":"Explore the best recommended links from Habaguanex Cuba. Find exclusive hotel deals, unique experiences and special discounts for your trip to the island, book now and experience Cuban culture to the fullest!","breadcrumb":{"@id":"https:\/\/habaguanexcuba.com\/enlaces-recomendados\/#breadcrumb"},"inLanguage":"en-US","potentialAction":[{"@type":"ReadAction","target":["https:\/\/habaguanexcuba.com\/enlaces-recomendados\/"]}]},{"@type":"ImageObject","inLanguage":"en-US","@id":"https:\/\/habaguanexcuba.com\/enlaces-recomendados\/#primaryimage","url":"https:\/\/habaguanexcuba.com\/wp-content\/uploads\/2024\/07\/home-02-cabecera-mobile.jpg","contentUrl":"https:\/\/habaguanexcuba.com\/wp-content\/uploads\/2024\/07\/home-02-cabecera-mobile.jpg","width":375,"height":450},{"@type":"BreadcrumbList","@id":"https:\/\/habaguanexcuba.com\/enlaces-recomendados\/#breadcrumb","itemListElement":[{"@type":"ListItem","position":1,"name":"Home","item":"https:\/\/habaguanexcuba.com\/"},{"@type":"ListItem","position":2,"name":"Recommended links"}]},{"@type":"WebSite","@id":"https:\/\/habaguanexcuba.com\/#website","url":"https:\/\/habaguanexcuba.com\/","name":"Habaguanex","description":"Descubre la aut\u00e9ntica esencia de Cuba con Habaguanex. Explora la cultura, historia y belleza de La Habana y m\u00e1s all\u00e1 con nuestras experiencias \u00fanicas y servicios tur\u00edsticos de calidad. \u00a1Vive el coraz\u00f3n de Cuba con nosotros!","publisher":{"@id":"https:\/\/habaguanexcuba.com\/#organization"},"alternateName":"[OFICIAL\u00ae] Habaguanex Cuba | Descubre el coraz\u00f3n de Cuba","potentialAction":[{"@type":"SearchAction","target":{"@type":"EntryPoint","urlTemplate":"https:\/\/habaguanexcuba.com\/?s={search_term_string}"},"query-input":{"@type":"PropertyValueSpecification","valueRequired":true,"valueName":"search_term_string"}}],"inLanguage":"en-US"},{"@type":"Organization","@id":"https:\/\/habaguanexcuba.com\/#organization","name":"Habaguanex","alternateName":"[OFICIAL\u00ae] Habaguanex Cuba | Descubre el coraz\u00f3n de Cuba","url":"https:\/\/habaguanexcuba.com\/","logo":{"@type":"ImageObject","inLanguage":"en-US","@id":"https:\/\/habaguanexcuba.com\/#\/schema\/logo\/image\/","url":"https:\/\/habaguanexcuba.com\/wp-content\/uploads\/2024\/01\/favicon_hab_azul.png","contentUrl":"https:\/\/habaguanexcuba.com\/wp-content\/uploads\/2024\/01\/favicon_hab_azul.png","width":32,"height":32,"caption":"Habaguanex"},"image":{"@id":"https:\/\/habaguanexcuba.com\/#\/schema\/logo\/image\/"},"sameAs":["https:\/\/www.facebook.com\/HotelesHabaguanex?mibextid=ZbWKwL","https:\/\/www.instagram.com\/hoteleshabaguanex_oficial\/?igsh=MTMyMTl4NzZhaWVpMw=="]}]}},"_links":{"self":[{"href":"https:\/\/habaguanexcuba.com\/en\/wp-json\/wp\/v2\/pages\/9699","targetHints":{"allow":["GET"]}}],"collection":[{"href":"https:\/\/habaguanexcuba.com\/en\/wp-json\/wp\/v2\/pages"}],"about":[{"href":"https:\/\/habaguanexcuba.com\/en\/wp-json\/wp\/v2\/types\/page"}],"author":[{"embeddable":true,"href":"https:\/\/habaguanexcuba.com\/en\/wp-json\/wp\/v2\/users\/1"}],"replies":[{"embeddable":true,"href":"https:\/\/habaguanexcuba.com\/en\/wp-json\/wp\/v2\/comments?post=9699"}],"version-history":[{"count":9,"href":"https:\/\/habaguanexcuba.com\/en\/wp-json\/wp\/v2\/pages\/9699\/revisions"}],"predecessor-version":[{"id":17970,"href":"https:\/\/habaguanexcuba.com\/en\/wp-json\/wp\/v2\/pages\/9699\/revisions\/17970"}],"wp:featuredmedia":[{"embeddable":true,"href":"https:\/\/habaguanexcuba.com\/en\/wp-json\/wp\/v2\/media\/11903"}],"wp:attachment":[{"href":"https:\/\/habaguanexcuba.com\/en\/wp-json\/wp\/v2\/media?parent=9699"}],"curies":[{"name":"wp","href":"https:\/\/api.w.org\/{rel}","templated":true}]}}