{"id":9775,"date":"2024-05-03T10:07:04","date_gmt":"2024-05-03T08:07:04","guid":{"rendered":"https:\/\/habaguanexcuba.com\/business\/"},"modified":"2025-01-23T11:09:38","modified_gmt":"2025-01-23T10:09:38","slug":"business","status":"publish","type":"page","link":"https:\/\/habaguanexcuba.com\/en\/business\/","title":{"rendered":"Business"},"content":{"rendered":"\t\t<div data-elementor-type=\"wp-page\" data-elementor-id=\"9775\" class=\"elementor elementor-9775 elementor-5985\" data-elementor-post-type=\"page\">\n\t\t\t\t<div class=\"elementor-element elementor-element-9e5ee92 e-con-full e-flex e-con e-parent\" data-id=\"9e5ee92\" data-element_type=\"container\">\n\t\t<div class=\"elementor-element elementor-element-35e2a6e e-con-full e-flex e-con e-child\" data-id=\"35e2a6e\" data-element_type=\"container\">\n\t\t\t\t<div class=\"elementor-element elementor-element-fdf6d8a elementor-widget__width-inherit elementor-widget elementor-widget-heading\" data-id=\"fdf6d8a\" data-element_type=\"widget\" data-widget_type=\"heading.default\">\n\t\t\t\t<div class=\"elementor-widget-container\">\n\t\t\t\t\t<h1 class=\"elementor-heading-title elementor-size-default\">Business<\/h1>\t\t\t\t<\/div>\n\t\t\t\t<\/div>\n\t\t\t\t<div class=\"elementor-element elementor-element-6b8fd94 elementor-widget__width-inherit elementor-widget elementor-widget-text-editor\" data-id=\"6b8fd94\" data-element_type=\"widget\" data-widget_type=\"text-editor.default\">\n\t\t\t\t<div class=\"elementor-widget-container\">\n\t\t\t\t\t\t\t\t\t<p>Grupo de Turismo Gaviota S.A. already has 29 years of experience in the sector, and more than 60 hotels and villas with 27,000 rooms located in the areas of greatest tourist interest in the country. Important economic results support an annual growth of the hotel plant of 12.8%, reaching 52,000 rooms by the year 2025.<\/p>\n<p>This development imposes on us the need to maintain the efficient administration of our hotel and tourist services; for which Grupo Gaviota S.A. has drawn up as a fundamental line of business, the search for association with International Hotel Chains, using Administration and Commercialisation Contracts that provide us with the following elements:<\/p>\n<p>&#8211; An internationally recognised Commercial Brand.<\/p>\n<p>&#8211; A well positioned Reservation System.<\/p>\n<p>&#8211; An Advertising and Promotion System that has an impact on the different markets.<\/p>\n<p>&#8211; Accredited management and marketing methods and procedures.<\/p>\n<p>&#8211; Hiring managers with proven international experience.<\/p>\n<p>&#8211; Transmission of knowledge and training of our employees.<\/p>\n<p>Thus, Grupo de Turismo Gaviota S.A., expresses its interest to continue developing a fruitful collaboration with its commercial partners, and at the same time, to continue consolidating progressively the Cuban tourist panorama.<\/p>\n\t\t\t\t\t\t\t\t<\/div>\n\t\t\t\t<\/div>\n\t\t\t\t<div class=\"elementor-element elementor-element-3bbf866 elementor-widget__width-inherit elementor-widget elementor-widget-heading\" data-id=\"3bbf866\" data-element_type=\"widget\" data-widget_type=\"heading.default\">\n\t\t\t\t<div class=\"elementor-widget-container\">\n\t\t\t\t\t<h3 class=\"elementor-heading-title elementor-size-default\">Contact Information<\/h3>\t\t\t\t<\/div>\n\t\t\t\t<\/div>\n\t\t\t\t<div class=\"elementor-element elementor-element-fe31cf2 elementor-widget__width-inherit elementor-widget elementor-widget-text-editor\" data-id=\"fe31cf2\" data-element_type=\"widget\" data-widget_type=\"text-editor.default\">\n\t\t\t\t<div class=\"elementor-widget-container\">\n\t\t\t\t\t\t\t\t\t<p>GRUPO DE TURISMO GAVIOTA S.A. Business Vice-Presidency<\/p>\n<p>Edificio La Marina, 3rd Floor. Ave del Puerto N\u00ba. 102 E\/Justiz y Obrap\u00eda, La Habana Vieja, La Habana 10100. CUBA<\/p>\n<p>Tel.: (53) 78660811 \/ (53) 78695798 \/ (53) 78695800<\/p>\n<p>Fax: (53) 78662780 \/ (53) 78661879<\/p>\n<p>E-mail: vp.negocios@gaviota.cu, director.negocios@gaviota.cu<\/p>\n\t\t\t\t\t\t\t\t<\/div>\n\t\t\t\t<\/div>\n\t\t\t\t<\/div>\n\t\t\t\t<\/div>\n\t\t\t\t<\/div>\n\t\t","protected":false},"excerpt":{"rendered":"<p>Business Grupo de Turismo Gaviota S.A. already has 29 years of experience in the sector, and more than 60 hotels and villas with 27,000 rooms located in the areas of greatest tourist interest in the country. Important economic results support an annual growth of the hotel plant of 12.8%, reaching 52,000 rooms by the year [&hellip;]<\/p>\n","protected":false},"author":1,"featured_media":13622,"parent":0,"menu_order":0,"comment_status":"closed","ping_status":"closed","template":"elementor_header_footer","meta":{"footnotes":""},"class_list":["post-9775","page","type-page","status-publish","has-post-thumbnail","hentry"],"yoast_head":"<!-- This site is optimized with the Yoast SEO plugin v27.3 - https:\/\/yoast.com\/product\/yoast-seo-wordpress\/ -->\n<title>Business - Habaguanex<\/title>\n<meta name=\"description\" content=\"Discover business opportunities with Habaguanex in Cuba. Explore our accommodation solutions, corporate events and customised services for companies. Connect with us to get exclusive offers and collaborate on projects in Havana.\" \/>\n<meta name=\"robots\" content=\"index, follow, max-snippet:-1, max-image-preview:large, max-video-preview:-1\" \/>\n<link rel=\"canonical\" href=\"https:\/\/habaguanexcuba.com\/negoios\/\" \/>\n<meta property=\"og:locale\" content=\"en_US\" \/>\n<meta property=\"og:type\" content=\"article\" \/>\n<meta property=\"og:title\" content=\"Business - Habaguanex\" \/>\n<meta property=\"og:description\" content=\"Discover business opportunities with Habaguanex in Cuba. Explore our accommodation solutions, corporate events and customised services for companies. Connect with us to get exclusive offers and collaborate on projects in Havana.\" \/>\n<meta property=\"og:url\" content=\"https:\/\/habaguanexcuba.com\/negoios\/\" \/>\n<meta property=\"og:site_name\" content=\"Habaguanex\" \/>\n<meta property=\"article:publisher\" content=\"https:\/\/www.facebook.com\/HotelesHabaguanex?mibextid=ZbWKwL\" \/>\n<meta property=\"article:modified_time\" content=\"2025-01-23T10:09:38+00:00\" \/>\n<meta property=\"og:image\" content=\"https:\/\/habaguanexcuba.com\/wp-content\/uploads\/2024\/09\/negocios.jpg\" \/>\n\t<meta property=\"og:image:width\" content=\"1600\" \/>\n\t<meta property=\"og:image:height\" content=\"1200\" \/>\n\t<meta property=\"og:image:type\" content=\"image\/jpeg\" \/>\n<meta name=\"twitter:card\" content=\"summary_large_image\" \/>\n<meta name=\"twitter:label1\" content=\"Est. reading time\" \/>\n\t<meta name=\"twitter:data1\" content=\"1 minute\" \/>\n<script type=\"application\/ld+json\" class=\"yoast-schema-graph\">{\"@context\":\"https:\\\/\\\/schema.org\",\"@graph\":[{\"@type\":\"WebPage\",\"@id\":\"https:\\\/\\\/habaguanexcuba.com\\\/negoios\\\/\",\"url\":\"https:\\\/\\\/habaguanexcuba.com\\\/negoios\\\/\",\"name\":\"Business - Habaguanex\",\"isPartOf\":{\"@id\":\"https:\\\/\\\/habaguanexcuba.com\\\/#website\"},\"primaryImageOfPage\":{\"@id\":\"https:\\\/\\\/habaguanexcuba.com\\\/negoios\\\/#primaryimage\"},\"image\":{\"@id\":\"https:\\\/\\\/habaguanexcuba.com\\\/negoios\\\/#primaryimage\"},\"thumbnailUrl\":\"https:\\\/\\\/habaguanexcuba.com\\\/wp-content\\\/uploads\\\/2024\\\/09\\\/negocios.jpg\",\"datePublished\":\"2024-05-03T08:07:04+00:00\",\"dateModified\":\"2025-01-23T10:09:38+00:00\",\"description\":\"Discover business opportunities with Habaguanex in Cuba. Explore our accommodation solutions, corporate events and customised services for companies. Connect with us to get exclusive offers and collaborate on projects in Havana.\",\"breadcrumb\":{\"@id\":\"https:\\\/\\\/habaguanexcuba.com\\\/negoios\\\/#breadcrumb\"},\"inLanguage\":\"en-US\",\"potentialAction\":[{\"@type\":\"ReadAction\",\"target\":[\"https:\\\/\\\/habaguanexcuba.com\\\/negoios\\\/\"]}]},{\"@type\":\"ImageObject\",\"inLanguage\":\"en-US\",\"@id\":\"https:\\\/\\\/habaguanexcuba.com\\\/negoios\\\/#primaryimage\",\"url\":\"https:\\\/\\\/habaguanexcuba.com\\\/wp-content\\\/uploads\\\/2024\\\/09\\\/negocios.jpg\",\"contentUrl\":\"https:\\\/\\\/habaguanexcuba.com\\\/wp-content\\\/uploads\\\/2024\\\/09\\\/negocios.jpg\",\"width\":1600,\"height\":1200},{\"@type\":\"BreadcrumbList\",\"@id\":\"https:\\\/\\\/habaguanexcuba.com\\\/negoios\\\/#breadcrumb\",\"itemListElement\":[{\"@type\":\"ListItem\",\"position\":1,\"name\":\"Home\",\"item\":\"https:\\\/\\\/habaguanexcuba.com\\\/\"},{\"@type\":\"ListItem\",\"position\":2,\"name\":\"Business\"}]},{\"@type\":\"WebSite\",\"@id\":\"https:\\\/\\\/habaguanexcuba.com\\\/#website\",\"url\":\"https:\\\/\\\/habaguanexcuba.com\\\/\",\"name\":\"Habaguanex\",\"description\":\"Descubre la aut\u00e9ntica esencia de Cuba con Habaguanex. Explora la cultura, historia y belleza de La Habana y m\u00e1s all\u00e1 con nuestras experiencias \u00fanicas y servicios tur\u00edsticos de calidad. \u00a1Vive el coraz\u00f3n de Cuba con nosotros!\",\"publisher\":{\"@id\":\"https:\\\/\\\/habaguanexcuba.com\\\/#organization\"},\"alternateName\":\"[OFICIAL\u00ae] Habaguanex Cuba | Descubre el coraz\u00f3n de Cuba\",\"potentialAction\":[{\"@type\":\"SearchAction\",\"target\":{\"@type\":\"EntryPoint\",\"urlTemplate\":\"https:\\\/\\\/habaguanexcuba.com\\\/?s={search_term_string}\"},\"query-input\":{\"@type\":\"PropertyValueSpecification\",\"valueRequired\":true,\"valueName\":\"search_term_string\"}}],\"inLanguage\":\"en-US\"},{\"@type\":\"Organization\",\"@id\":\"https:\\\/\\\/habaguanexcuba.com\\\/#organization\",\"name\":\"Habaguanex\",\"alternateName\":\"[OFICIAL\u00ae] Habaguanex Cuba | Descubre el coraz\u00f3n de Cuba\",\"url\":\"https:\\\/\\\/habaguanexcuba.com\\\/\",\"logo\":{\"@type\":\"ImageObject\",\"inLanguage\":\"en-US\",\"@id\":\"https:\\\/\\\/habaguanexcuba.com\\\/#\\\/schema\\\/logo\\\/image\\\/\",\"url\":\"https:\\\/\\\/habaguanexcuba.com\\\/wp-content\\\/uploads\\\/2024\\\/01\\\/favicon_hab_azul.png\",\"contentUrl\":\"https:\\\/\\\/habaguanexcuba.com\\\/wp-content\\\/uploads\\\/2024\\\/01\\\/favicon_hab_azul.png\",\"width\":32,\"height\":32,\"caption\":\"Habaguanex\"},\"image\":{\"@id\":\"https:\\\/\\\/habaguanexcuba.com\\\/#\\\/schema\\\/logo\\\/image\\\/\"},\"sameAs\":[\"https:\\\/\\\/www.facebook.com\\\/HotelesHabaguanex?mibextid=ZbWKwL\",\"https:\\\/\\\/www.instagram.com\\\/hoteleshabaguanex_oficial\\\/?igsh=MTMyMTl4NzZhaWVpMw==\"]}]}<\/script>\n<!-- \/ Yoast SEO plugin. -->","yoast_head_json":{"title":"Business - Habaguanex","description":"Discover business opportunities with Habaguanex in Cuba. Explore our accommodation solutions, corporate events and customised services for companies. Connect with us to get exclusive offers and collaborate on projects in Havana.","robots":{"index":"index","follow":"follow","max-snippet":"max-snippet:-1","max-image-preview":"max-image-preview:large","max-video-preview":"max-video-preview:-1"},"canonical":"https:\/\/habaguanexcuba.com\/negoios\/","og_locale":"en_US","og_type":"article","og_title":"Business - Habaguanex","og_description":"Discover business opportunities with Habaguanex in Cuba. Explore our accommodation solutions, corporate events and customised services for companies. Connect with us to get exclusive offers and collaborate on projects in Havana.","og_url":"https:\/\/habaguanexcuba.com\/negoios\/","og_site_name":"Habaguanex","article_publisher":"https:\/\/www.facebook.com\/HotelesHabaguanex?mibextid=ZbWKwL","article_modified_time":"2025-01-23T10:09:38+00:00","og_image":[{"width":1600,"height":1200,"url":"https:\/\/habaguanexcuba.com\/wp-content\/uploads\/2024\/09\/negocios.jpg","type":"image\/jpeg"}],"twitter_card":"summary_large_image","twitter_misc":{"Est. reading time":"1 minute"},"schema":{"@context":"https:\/\/schema.org","@graph":[{"@type":"WebPage","@id":"https:\/\/habaguanexcuba.com\/negoios\/","url":"https:\/\/habaguanexcuba.com\/negoios\/","name":"Business - Habaguanex","isPartOf":{"@id":"https:\/\/habaguanexcuba.com\/#website"},"primaryImageOfPage":{"@id":"https:\/\/habaguanexcuba.com\/negoios\/#primaryimage"},"image":{"@id":"https:\/\/habaguanexcuba.com\/negoios\/#primaryimage"},"thumbnailUrl":"https:\/\/habaguanexcuba.com\/wp-content\/uploads\/2024\/09\/negocios.jpg","datePublished":"2024-05-03T08:07:04+00:00","dateModified":"2025-01-23T10:09:38+00:00","description":"Discover business opportunities with Habaguanex in Cuba. Explore our accommodation solutions, corporate events and customised services for companies. Connect with us to get exclusive offers and collaborate on projects in Havana.","breadcrumb":{"@id":"https:\/\/habaguanexcuba.com\/negoios\/#breadcrumb"},"inLanguage":"en-US","potentialAction":[{"@type":"ReadAction","target":["https:\/\/habaguanexcuba.com\/negoios\/"]}]},{"@type":"ImageObject","inLanguage":"en-US","@id":"https:\/\/habaguanexcuba.com\/negoios\/#primaryimage","url":"https:\/\/habaguanexcuba.com\/wp-content\/uploads\/2024\/09\/negocios.jpg","contentUrl":"https:\/\/habaguanexcuba.com\/wp-content\/uploads\/2024\/09\/negocios.jpg","width":1600,"height":1200},{"@type":"BreadcrumbList","@id":"https:\/\/habaguanexcuba.com\/negoios\/#breadcrumb","itemListElement":[{"@type":"ListItem","position":1,"name":"Home","item":"https:\/\/habaguanexcuba.com\/"},{"@type":"ListItem","position":2,"name":"Business"}]},{"@type":"WebSite","@id":"https:\/\/habaguanexcuba.com\/#website","url":"https:\/\/habaguanexcuba.com\/","name":"Habaguanex","description":"Descubre la aut\u00e9ntica esencia de Cuba con Habaguanex. Explora la cultura, historia y belleza de La Habana y m\u00e1s all\u00e1 con nuestras experiencias \u00fanicas y servicios tur\u00edsticos de calidad. \u00a1Vive el coraz\u00f3n de Cuba con nosotros!","publisher":{"@id":"https:\/\/habaguanexcuba.com\/#organization"},"alternateName":"[OFICIAL\u00ae] Habaguanex Cuba | Descubre el coraz\u00f3n de Cuba","potentialAction":[{"@type":"SearchAction","target":{"@type":"EntryPoint","urlTemplate":"https:\/\/habaguanexcuba.com\/?s={search_term_string}"},"query-input":{"@type":"PropertyValueSpecification","valueRequired":true,"valueName":"search_term_string"}}],"inLanguage":"en-US"},{"@type":"Organization","@id":"https:\/\/habaguanexcuba.com\/#organization","name":"Habaguanex","alternateName":"[OFICIAL\u00ae] Habaguanex Cuba | Descubre el coraz\u00f3n de Cuba","url":"https:\/\/habaguanexcuba.com\/","logo":{"@type":"ImageObject","inLanguage":"en-US","@id":"https:\/\/habaguanexcuba.com\/#\/schema\/logo\/image\/","url":"https:\/\/habaguanexcuba.com\/wp-content\/uploads\/2024\/01\/favicon_hab_azul.png","contentUrl":"https:\/\/habaguanexcuba.com\/wp-content\/uploads\/2024\/01\/favicon_hab_azul.png","width":32,"height":32,"caption":"Habaguanex"},"image":{"@id":"https:\/\/habaguanexcuba.com\/#\/schema\/logo\/image\/"},"sameAs":["https:\/\/www.facebook.com\/HotelesHabaguanex?mibextid=ZbWKwL","https:\/\/www.instagram.com\/hoteleshabaguanex_oficial\/?igsh=MTMyMTl4NzZhaWVpMw=="]}]}},"_links":{"self":[{"href":"https:\/\/habaguanexcuba.com\/en\/wp-json\/wp\/v2\/pages\/9775","targetHints":{"allow":["GET"]}}],"collection":[{"href":"https:\/\/habaguanexcuba.com\/en\/wp-json\/wp\/v2\/pages"}],"about":[{"href":"https:\/\/habaguanexcuba.com\/en\/wp-json\/wp\/v2\/types\/page"}],"author":[{"embeddable":true,"href":"https:\/\/habaguanexcuba.com\/en\/wp-json\/wp\/v2\/users\/1"}],"replies":[{"embeddable":true,"href":"https:\/\/habaguanexcuba.com\/en\/wp-json\/wp\/v2\/comments?post=9775"}],"version-history":[{"count":9,"href":"https:\/\/habaguanexcuba.com\/en\/wp-json\/wp\/v2\/pages\/9775\/revisions"}],"predecessor-version":[{"id":18183,"href":"https:\/\/habaguanexcuba.com\/en\/wp-json\/wp\/v2\/pages\/9775\/revisions\/18183"}],"wp:featuredmedia":[{"embeddable":true,"href":"https:\/\/habaguanexcuba.com\/en\/wp-json\/wp\/v2\/media\/13622"}],"wp:attachment":[{"href":"https:\/\/habaguanexcuba.com\/en\/wp-json\/wp\/v2\/media?parent=9775"}],"curies":[{"name":"wp","href":"https:\/\/api.w.org\/{rel}","templated":true}]}}