{"id":9779,"date":"2024-07-03T09:35:00","date_gmt":"2024-07-03T07:35:00","guid":{"rendered":"https:\/\/habaguanexcuba.com\/offers\/"},"modified":"2025-09-03T13:46:20","modified_gmt":"2025-09-03T11:46:20","slug":"offers","status":"publish","type":"page","link":"https:\/\/habaguanexcuba.com\/en\/offers\/","title":{"rendered":"Offers"},"content":{"rendered":"\t\t<div data-elementor-type=\"wp-page\" data-elementor-id=\"9779\" class=\"elementor elementor-9779 elementor-9583\" data-elementor-post-type=\"page\">\n\t\t\t\t<div class=\"elementor-element elementor-element-ca61722 e-con-full elementor-hidden-mobile elementor-hidden-tablet e-flex e-con e-child\" data-id=\"ca61722\" data-element_type=\"container\" data-settings=\"{&quot;background_background&quot;:&quot;classic&quot;}\">\n\t\t\t\t<\/div>\n\t\t<div class=\"elementor-element elementor-element-0355cf7 animated-slow e-flex e-con-boxed elementor-invisible e-con e-parent\" data-id=\"0355cf7\" data-element_type=\"container\" data-settings=\"{&quot;animation&quot;:&quot;fadeInRight&quot;,&quot;animation_mobile&quot;:&quot;fadeInDown&quot;,&quot;animation_delay&quot;:1000}\">\n\t\t\t\t\t<div class=\"e-con-inner\">\n\t\t<div class=\"elementor-element elementor-element-917d248 e-con-full e-flex e-con e-child\" data-id=\"917d248\" data-element_type=\"container\" data-settings=\"{&quot;background_background&quot;:&quot;classic&quot;}\">\n\t\t\t\t<\/div>\n\t\t<div class=\"elementor-element elementor-element-f45bfec e-con-full e-flex e-con e-child\" data-id=\"f45bfec\" data-element_type=\"container\">\n\t\t\t\t<div class=\"elementor-element elementor-element-508a6a6 elementor-widget elementor-widget-heading\" data-id=\"508a6a6\" data-element_type=\"widget\" data-widget_type=\"heading.default\">\n\t\t\t\t<div class=\"elementor-widget-container\">\n\t\t\t\t\t<h2 class=\"elementor-heading-title elementor-size-default\">Cuban Roots<\/h2>\t\t\t\t<\/div>\n\t\t\t\t<\/div>\n\t\t\t\t<div class=\"elementor-element elementor-element-787bb4b elementor-widget-mobile__width-inherit elementor-widget elementor-widget-heading\" data-id=\"787bb4b\" data-element_type=\"widget\" data-widget_type=\"heading.default\">\n\t\t\t\t<div class=\"elementor-widget-container\">\n\t\t\t\t\t<h2 class=\"elementor-heading-title elementor-size-default\">Up to 20% Off<\/h2>\t\t\t\t<\/div>\n\t\t\t\t<\/div>\n\t\t\t\t<div class=\"elementor-element elementor-element-4281e3c elementor-widget elementor-widget-text-editor\" data-id=\"4281e3c\" data-element_type=\"widget\" data-widget_type=\"text-editor.default\">\n\t\t\t\t<div class=\"elementor-widget-container\">\n\t\t\t\t\t\t\t\t\t<p data-start=\"56\" data-end=\"328\"><strong>Discover the urban soul of Cuba like never before.<\/strong><br data-start=\"125\" data-end=\"128\" \/>Streets full of history, vibrant festivals, and nights with music under the stars.<br data-start=\"210\" data-end=\"213\" \/>Let yourself be carried away by the rhythm of the city and live an authentic experience you will always remember.<\/p>\n<p><\/p>\n<p data-start=\"330\" data-end=\"377\"><strong>Experience Cuba in October.<\/strong><\/p>\n\t\t\t\t\t\t\t\t<\/div>\n\t\t\t\t<\/div>\n\t\t\t\t<div class=\"elementor-element elementor-element-58b1f4f btn-reservar elementor-widget elementor-widget-shortcode\" data-id=\"58b1f4f\" data-element_type=\"widget\" data-widget_type=\"shortcode.default\">\n\t\t\t\t<div class=\"elementor-widget-container\">\n\t\t\t\t\t\t\t<div class=\"elementor-shortcode\"><a class=\"elementor-button shortcode elementor-button-link elementor-size-sm\" href=\"https:\/\/habaguanexcuba.com\/detalle-oferta-20-cuban-roots\/\"><span class=\"elementor-button-text\">See offer<\/span><\/a><\/div>\n\t\t\t\t\t\t<\/div>\n\t\t\t\t<\/div>\n\t\t\t\t<\/div>\n\t\t\t\t\t<\/div>\n\t\t\t\t<\/div>\n\t\t<div class=\"elementor-element elementor-element-c16b86a animated-slow elementor-hidden-desktop elementor-hidden-tablet elementor-hidden-mobile e-flex e-con-boxed elementor-invisible e-con e-parent\" data-id=\"c16b86a\" data-element_type=\"container\" data-settings=\"{&quot;animation&quot;:&quot;fadeInRight&quot;,&quot;animation_mobile&quot;:&quot;fadeInDown&quot;,&quot;animation_delay&quot;:1000}\">\n\t\t\t\t\t<div class=\"e-con-inner\">\n\t\t<div class=\"elementor-element elementor-element-ec5a54f e-con-full e-flex e-con e-child\" data-id=\"ec5a54f\" data-element_type=\"container\" data-settings=\"{&quot;background_background&quot;:&quot;classic&quot;}\">\n\t\t\t\t<\/div>\n\t\t<div class=\"elementor-element elementor-element-a7a2d91 e-con-full e-flex e-con e-child\" data-id=\"a7a2d91\" data-element_type=\"container\">\n\t\t\t\t<div class=\"elementor-element elementor-element-bb5607e elementor-widget elementor-widget-heading\" data-id=\"bb5607e\" data-element_type=\"widget\" data-widget_type=\"heading.default\">\n\t\t\t\t<div class=\"elementor-widget-container\">\n\t\t\t\t\t<h2 class=\"elementor-heading-title elementor-size-default\">Feel Cuba Summer<\/h2>\t\t\t\t<\/div>\n\t\t\t\t<\/div>\n\t\t\t\t<div class=\"elementor-element elementor-element-307d8a5 elementor-widget-mobile__width-inherit elementor-widget elementor-widget-heading\" data-id=\"307d8a5\" data-element_type=\"widget\" data-widget_type=\"heading.default\">\n\t\t\t\t<div class=\"elementor-widget-container\">\n\t\t\t\t\t<h2 class=\"elementor-heading-title elementor-size-default\">Up to 30% Off<\/h2>\t\t\t\t<\/div>\n\t\t\t\t<\/div>\n\t\t\t\t<div class=\"elementor-element elementor-element-99e4842 elementor-widget elementor-widget-text-editor\" data-id=\"99e4842\" data-element_type=\"widget\" data-widget_type=\"text-editor.default\">\n\t\t\t\t<div class=\"elementor-widget-container\">\n\t\t\t\t\t\t\t\t\t<p data-start=\"60\" data-end=\"327\"><strong>Live the Cuban summer like never before.<\/strong><br data-start=\"119\" data-end=\"122\" \/>Paradisiacal beaches, golden sunsets, and the warmth of an island that touches your soul.<br data-start=\"211\" data-end=\"214\" \/>Discover Cuba, let yourself be carried away by its rhythm, and create memories that will stay with you forever.<\/p>\n<p><\/p>\n<p data-start=\"329\" data-end=\"366\"><strong>Book before July 31 and enjoy Cuba.<\/strong><\/p>\n<p><\/p>\n<p data-start=\"368\" data-end=\"389\">Only at Habaguanex!<\/p>\n\t\t\t\t\t\t\t\t<\/div>\n\t\t\t\t<\/div>\n\t\t\t\t<div class=\"elementor-element elementor-element-151b797 btn-reservar elementor-widget elementor-widget-shortcode\" data-id=\"151b797\" data-element_type=\"widget\" data-widget_type=\"shortcode.default\">\n\t\t\t\t<div class=\"elementor-widget-container\">\n\t\t\t\t\t\t\t<div class=\"elementor-shortcode\"><a class=\"elementor-button shortcode elementor-button-link elementor-size-sm\" href=\"https:\/\/habaguanexcuba.com\/detalle-oferta-30-feel-cuba-summer\/\"><span class=\"elementor-button-text\">See offer<\/span><\/a><\/div>\n\t\t\t\t\t\t<\/div>\n\t\t\t\t<\/div>\n\t\t\t\t<\/div>\n\t\t\t\t\t<\/div>\n\t\t\t\t<\/div>\n\t\t<div class=\"elementor-element elementor-element-af9573c animated-slow elementor-hidden-desktop elementor-hidden-tablet elementor-hidden-mobile e-flex e-con-boxed elementor-invisible e-con e-parent\" data-id=\"af9573c\" data-element_type=\"container\" data-settings=\"{&quot;animation&quot;:&quot;fadeInLeft&quot;,&quot;animation_mobile&quot;:&quot;fadeInDown&quot;}\">\n\t\t\t\t\t<div class=\"e-con-inner\">\n\t\t<div class=\"elementor-element elementor-element-e4dea38 e-con-full e-flex e-con e-child\" data-id=\"e4dea38\" data-element_type=\"container\" data-settings=\"{&quot;background_background&quot;:&quot;classic&quot;}\">\n\t\t\t\t<\/div>\n\t\t<div class=\"elementor-element elementor-element-c174c71 e-con-full e-flex e-con e-child\" data-id=\"c174c71\" data-element_type=\"container\">\n\t\t\t\t<div class=\"elementor-element elementor-element-48ce5ed elementor-widget elementor-widget-heading\" data-id=\"48ce5ed\" data-element_type=\"widget\" data-widget_type=\"heading.default\">\n\t\t\t\t<div class=\"elementor-widget-container\">\n\t\t\t\t\t<h2 class=\"elementor-heading-title elementor-size-default\">Book Today and Experience Old Havana<\/h2>\t\t\t\t<\/div>\n\t\t\t\t<\/div>\n\t\t\t\t<div class=\"elementor-element elementor-element-20c3b52 elementor-widget-mobile__width-inherit elementor-widget elementor-widget-heading\" data-id=\"20c3b52\" data-element_type=\"widget\" data-widget_type=\"heading.default\">\n\t\t\t\t<div class=\"elementor-widget-container\">\n\t\t\t\t\t<h2 class=\"elementor-heading-title elementor-size-default\">Up to 35% Off<\/h2>\t\t\t\t<\/div>\n\t\t\t\t<\/div>\n\t\t\t\t<div class=\"elementor-element elementor-element-e95c4cc elementor-widget elementor-widget-text-editor\" data-id=\"e95c4cc\" data-element_type=\"widget\" data-widget_type=\"text-editor.default\">\n\t\t\t\t<div class=\"elementor-widget-container\">\n\t\t\t\t\t\t\t\t\t<p data-start=\"60\" data-end=\"204\">Experience the essence of Old Havana by staying at Habaguanex, with living history, colonial charm, and breathtaking views.<\/p>\n<p><\/p>\n<p data-start=\"206\" data-end=\"262\"><strong>Book before June 30<\/strong><br data-start=\"225\" data-end=\"228\" \/><strong>Travel from July 1 to October 31<\/strong><\/p>\n<p><\/p>\n<p data-start=\"264\" data-end=\"290\">Live it from the inside!<\/p>\n\t\t\t\t\t\t\t\t<\/div>\n\t\t\t\t<\/div>\n\t\t\t\t<div class=\"elementor-element elementor-element-a54c412 btn-reservar elementor-widget elementor-widget-shortcode\" data-id=\"a54c412\" data-element_type=\"widget\" data-widget_type=\"shortcode.default\">\n\t\t\t\t<div class=\"elementor-widget-container\">\n\t\t\t\t\t\t\t<div class=\"elementor-shortcode\"><a class=\"elementor-button shortcode elementor-button-link elementor-size-sm\" href=\"https:\/\/habaguanexcuba.com\/detalle-oferta-20\/\"><span class=\"elementor-button-text\">See Offer<\/span><\/a><\/div>\n\t\t\t\t\t\t<\/div>\n\t\t\t\t<\/div>\n\t\t\t\t<\/div>\n\t\t\t\t\t<\/div>\n\t\t\t\t<\/div>\n\t\t\t\t<\/div>\n\t\t","protected":false},"excerpt":{"rendered":"<p>Cuban Roots Up to 20% Off Discover the urban soul of Cuba like never before.Streets full of history, vibrant festivals, and nights with music under the stars.Let yourself be carried away by the rhythm of the city and live an authentic experience you will always remember. Experience Cuba in October. Feel Cuba Summer Up to [&hellip;]<\/p>\n","protected":false},"author":1,"featured_media":13634,"parent":0,"menu_order":0,"comment_status":"closed","ping_status":"closed","template":"","meta":{"footnotes":""},"class_list":["post-9779","page","type-page","status-publish","has-post-thumbnail","hentry"],"yoast_head":"<!-- This site is optimized with the Yoast SEO plugin v27.3 - https:\/\/yoast.com\/product\/yoast-seo-wordpress\/ -->\n<title>Special Offers on Hotels in Cuba - Habaguanex: Exclusive Discounts and Promotions<\/title>\n<meta name=\"description\" content=\"Discover the best deals on hotels and experiences in Cuba with Habaguanex. Explore exclusive discounts and special promotions for your next stay. Book now and take advantage of our unique offers to make the most of your trip to the island.\" \/>\n<meta name=\"robots\" content=\"index, follow, max-snippet:-1, max-image-preview:large, max-video-preview:-1\" \/>\n<link rel=\"canonical\" href=\"https:\/\/habaguanexcuba.com\/ofertas\/\" \/>\n<meta property=\"og:locale\" content=\"en_US\" \/>\n<meta property=\"og:type\" content=\"article\" \/>\n<meta property=\"og:title\" content=\"Special Offers on Hotels in Cuba - Habaguanex: Exclusive Discounts and Promotions\" \/>\n<meta property=\"og:description\" content=\"Discover the best deals on hotels and experiences in Cuba with Habaguanex. Explore exclusive discounts and special promotions for your next stay. Book now and take advantage of our unique offers to make the most of your trip to the island.\" \/>\n<meta property=\"og:url\" content=\"https:\/\/habaguanexcuba.com\/ofertas\/\" \/>\n<meta property=\"og:site_name\" content=\"Habaguanex\" \/>\n<meta property=\"article:publisher\" content=\"https:\/\/www.facebook.com\/HotelesHabaguanex?mibextid=ZbWKwL\" \/>\n<meta property=\"article:modified_time\" content=\"2025-09-03T11:46:20+00:00\" \/>\n<meta property=\"og:image\" content=\"https:\/\/habaguanexcuba.com\/wp-content\/uploads\/2024\/09\/ofertas.jpg\" \/>\n\t<meta property=\"og:image:width\" content=\"1024\" \/>\n\t<meta property=\"og:image:height\" content=\"682\" \/>\n\t<meta property=\"og:image:type\" content=\"image\/jpeg\" \/>\n<meta name=\"twitter:card\" content=\"summary_large_image\" \/>\n<meta name=\"twitter:label1\" content=\"Est. reading time\" \/>\n\t<meta name=\"twitter:data1\" content=\"1 minute\" \/>\n<script type=\"application\/ld+json\" class=\"yoast-schema-graph\">{\"@context\":\"https:\\\/\\\/schema.org\",\"@graph\":[{\"@type\":\"WebPage\",\"@id\":\"https:\\\/\\\/habaguanexcuba.com\\\/ofertas\\\/\",\"url\":\"https:\\\/\\\/habaguanexcuba.com\\\/ofertas\\\/\",\"name\":\"Special Offers on Hotels in Cuba - Habaguanex: Exclusive Discounts and Promotions\",\"isPartOf\":{\"@id\":\"https:\\\/\\\/habaguanexcuba.com\\\/#website\"},\"primaryImageOfPage\":{\"@id\":\"https:\\\/\\\/habaguanexcuba.com\\\/ofertas\\\/#primaryimage\"},\"image\":{\"@id\":\"https:\\\/\\\/habaguanexcuba.com\\\/ofertas\\\/#primaryimage\"},\"thumbnailUrl\":\"https:\\\/\\\/habaguanexcuba.com\\\/wp-content\\\/uploads\\\/2024\\\/09\\\/ofertas.jpg\",\"datePublished\":\"2024-07-03T07:35:00+00:00\",\"dateModified\":\"2025-09-03T11:46:20+00:00\",\"description\":\"Discover the best deals on hotels and experiences in Cuba with Habaguanex. Explore exclusive discounts and special promotions for your next stay. Book now and take advantage of our unique offers to make the most of your trip to the island.\",\"breadcrumb\":{\"@id\":\"https:\\\/\\\/habaguanexcuba.com\\\/ofertas\\\/#breadcrumb\"},\"inLanguage\":\"en-US\",\"potentialAction\":[{\"@type\":\"ReadAction\",\"target\":[\"https:\\\/\\\/habaguanexcuba.com\\\/ofertas\\\/\"]}]},{\"@type\":\"ImageObject\",\"inLanguage\":\"en-US\",\"@id\":\"https:\\\/\\\/habaguanexcuba.com\\\/ofertas\\\/#primaryimage\",\"url\":\"https:\\\/\\\/habaguanexcuba.com\\\/wp-content\\\/uploads\\\/2024\\\/09\\\/ofertas.jpg\",\"contentUrl\":\"https:\\\/\\\/habaguanexcuba.com\\\/wp-content\\\/uploads\\\/2024\\\/09\\\/ofertas.jpg\",\"width\":1024,\"height\":682,\"caption\":\"Close-up Of A Man's Hand Booking Hotel Using Smartphone\"},{\"@type\":\"BreadcrumbList\",\"@id\":\"https:\\\/\\\/habaguanexcuba.com\\\/ofertas\\\/#breadcrumb\",\"itemListElement\":[{\"@type\":\"ListItem\",\"position\":1,\"name\":\"Home\",\"item\":\"https:\\\/\\\/habaguanexcuba.com\\\/\"},{\"@type\":\"ListItem\",\"position\":2,\"name\":\"Offers\"}]},{\"@type\":\"WebSite\",\"@id\":\"https:\\\/\\\/habaguanexcuba.com\\\/#website\",\"url\":\"https:\\\/\\\/habaguanexcuba.com\\\/\",\"name\":\"Habaguanex\",\"description\":\"Descubre la aut\u00e9ntica esencia de Cuba con Habaguanex. Explora la cultura, historia y belleza de La Habana y m\u00e1s all\u00e1 con nuestras experiencias \u00fanicas y servicios tur\u00edsticos de calidad. \u00a1Vive el coraz\u00f3n de Cuba con nosotros!\",\"publisher\":{\"@id\":\"https:\\\/\\\/habaguanexcuba.com\\\/#organization\"},\"alternateName\":\"[OFICIAL\u00ae] Habaguanex Cuba | Descubre el coraz\u00f3n de Cuba\",\"potentialAction\":[{\"@type\":\"SearchAction\",\"target\":{\"@type\":\"EntryPoint\",\"urlTemplate\":\"https:\\\/\\\/habaguanexcuba.com\\\/?s={search_term_string}\"},\"query-input\":{\"@type\":\"PropertyValueSpecification\",\"valueRequired\":true,\"valueName\":\"search_term_string\"}}],\"inLanguage\":\"en-US\"},{\"@type\":\"Organization\",\"@id\":\"https:\\\/\\\/habaguanexcuba.com\\\/#organization\",\"name\":\"Habaguanex\",\"alternateName\":\"[OFICIAL\u00ae] Habaguanex Cuba | Descubre el coraz\u00f3n de Cuba\",\"url\":\"https:\\\/\\\/habaguanexcuba.com\\\/\",\"logo\":{\"@type\":\"ImageObject\",\"inLanguage\":\"en-US\",\"@id\":\"https:\\\/\\\/habaguanexcuba.com\\\/#\\\/schema\\\/logo\\\/image\\\/\",\"url\":\"https:\\\/\\\/habaguanexcuba.com\\\/wp-content\\\/uploads\\\/2024\\\/01\\\/favicon_hab_azul.png\",\"contentUrl\":\"https:\\\/\\\/habaguanexcuba.com\\\/wp-content\\\/uploads\\\/2024\\\/01\\\/favicon_hab_azul.png\",\"width\":32,\"height\":32,\"caption\":\"Habaguanex\"},\"image\":{\"@id\":\"https:\\\/\\\/habaguanexcuba.com\\\/#\\\/schema\\\/logo\\\/image\\\/\"},\"sameAs\":[\"https:\\\/\\\/www.facebook.com\\\/HotelesHabaguanex?mibextid=ZbWKwL\",\"https:\\\/\\\/www.instagram.com\\\/hoteleshabaguanex_oficial\\\/?igsh=MTMyMTl4NzZhaWVpMw==\"]}]}<\/script>\n<!-- \/ Yoast SEO plugin. -->","yoast_head_json":{"title":"Special Offers on Hotels in Cuba - Habaguanex: Exclusive Discounts and Promotions","description":"Discover the best deals on hotels and experiences in Cuba with Habaguanex. Explore exclusive discounts and special promotions for your next stay. Book now and take advantage of our unique offers to make the most of your trip to the island.","robots":{"index":"index","follow":"follow","max-snippet":"max-snippet:-1","max-image-preview":"max-image-preview:large","max-video-preview":"max-video-preview:-1"},"canonical":"https:\/\/habaguanexcuba.com\/ofertas\/","og_locale":"en_US","og_type":"article","og_title":"Special Offers on Hotels in Cuba - Habaguanex: Exclusive Discounts and Promotions","og_description":"Discover the best deals on hotels and experiences in Cuba with Habaguanex. Explore exclusive discounts and special promotions for your next stay. Book now and take advantage of our unique offers to make the most of your trip to the island.","og_url":"https:\/\/habaguanexcuba.com\/ofertas\/","og_site_name":"Habaguanex","article_publisher":"https:\/\/www.facebook.com\/HotelesHabaguanex?mibextid=ZbWKwL","article_modified_time":"2025-09-03T11:46:20+00:00","og_image":[{"width":1024,"height":682,"url":"https:\/\/habaguanexcuba.com\/wp-content\/uploads\/2024\/09\/ofertas.jpg","type":"image\/jpeg"}],"twitter_card":"summary_large_image","twitter_misc":{"Est. reading time":"1 minute"},"schema":{"@context":"https:\/\/schema.org","@graph":[{"@type":"WebPage","@id":"https:\/\/habaguanexcuba.com\/ofertas\/","url":"https:\/\/habaguanexcuba.com\/ofertas\/","name":"Special Offers on Hotels in Cuba - Habaguanex: Exclusive Discounts and Promotions","isPartOf":{"@id":"https:\/\/habaguanexcuba.com\/#website"},"primaryImageOfPage":{"@id":"https:\/\/habaguanexcuba.com\/ofertas\/#primaryimage"},"image":{"@id":"https:\/\/habaguanexcuba.com\/ofertas\/#primaryimage"},"thumbnailUrl":"https:\/\/habaguanexcuba.com\/wp-content\/uploads\/2024\/09\/ofertas.jpg","datePublished":"2024-07-03T07:35:00+00:00","dateModified":"2025-09-03T11:46:20+00:00","description":"Discover the best deals on hotels and experiences in Cuba with Habaguanex. Explore exclusive discounts and special promotions for your next stay. Book now and take advantage of our unique offers to make the most of your trip to the island.","breadcrumb":{"@id":"https:\/\/habaguanexcuba.com\/ofertas\/#breadcrumb"},"inLanguage":"en-US","potentialAction":[{"@type":"ReadAction","target":["https:\/\/habaguanexcuba.com\/ofertas\/"]}]},{"@type":"ImageObject","inLanguage":"en-US","@id":"https:\/\/habaguanexcuba.com\/ofertas\/#primaryimage","url":"https:\/\/habaguanexcuba.com\/wp-content\/uploads\/2024\/09\/ofertas.jpg","contentUrl":"https:\/\/habaguanexcuba.com\/wp-content\/uploads\/2024\/09\/ofertas.jpg","width":1024,"height":682,"caption":"Close-up Of A Man's Hand Booking Hotel Using Smartphone"},{"@type":"BreadcrumbList","@id":"https:\/\/habaguanexcuba.com\/ofertas\/#breadcrumb","itemListElement":[{"@type":"ListItem","position":1,"name":"Home","item":"https:\/\/habaguanexcuba.com\/"},{"@type":"ListItem","position":2,"name":"Offers"}]},{"@type":"WebSite","@id":"https:\/\/habaguanexcuba.com\/#website","url":"https:\/\/habaguanexcuba.com\/","name":"Habaguanex","description":"Descubre la aut\u00e9ntica esencia de Cuba con Habaguanex. Explora la cultura, historia y belleza de La Habana y m\u00e1s all\u00e1 con nuestras experiencias \u00fanicas y servicios tur\u00edsticos de calidad. \u00a1Vive el coraz\u00f3n de Cuba con nosotros!","publisher":{"@id":"https:\/\/habaguanexcuba.com\/#organization"},"alternateName":"[OFICIAL\u00ae] Habaguanex Cuba | Descubre el coraz\u00f3n de Cuba","potentialAction":[{"@type":"SearchAction","target":{"@type":"EntryPoint","urlTemplate":"https:\/\/habaguanexcuba.com\/?s={search_term_string}"},"query-input":{"@type":"PropertyValueSpecification","valueRequired":true,"valueName":"search_term_string"}}],"inLanguage":"en-US"},{"@type":"Organization","@id":"https:\/\/habaguanexcuba.com\/#organization","name":"Habaguanex","alternateName":"[OFICIAL\u00ae] Habaguanex Cuba | Descubre el coraz\u00f3n de Cuba","url":"https:\/\/habaguanexcuba.com\/","logo":{"@type":"ImageObject","inLanguage":"en-US","@id":"https:\/\/habaguanexcuba.com\/#\/schema\/logo\/image\/","url":"https:\/\/habaguanexcuba.com\/wp-content\/uploads\/2024\/01\/favicon_hab_azul.png","contentUrl":"https:\/\/habaguanexcuba.com\/wp-content\/uploads\/2024\/01\/favicon_hab_azul.png","width":32,"height":32,"caption":"Habaguanex"},"image":{"@id":"https:\/\/habaguanexcuba.com\/#\/schema\/logo\/image\/"},"sameAs":["https:\/\/www.facebook.com\/HotelesHabaguanex?mibextid=ZbWKwL","https:\/\/www.instagram.com\/hoteleshabaguanex_oficial\/?igsh=MTMyMTl4NzZhaWVpMw=="]}]}},"_links":{"self":[{"href":"https:\/\/habaguanexcuba.com\/en\/wp-json\/wp\/v2\/pages\/9779","targetHints":{"allow":["GET"]}}],"collection":[{"href":"https:\/\/habaguanexcuba.com\/en\/wp-json\/wp\/v2\/pages"}],"about":[{"href":"https:\/\/habaguanexcuba.com\/en\/wp-json\/wp\/v2\/types\/page"}],"author":[{"embeddable":true,"href":"https:\/\/habaguanexcuba.com\/en\/wp-json\/wp\/v2\/users\/1"}],"replies":[{"embeddable":true,"href":"https:\/\/habaguanexcuba.com\/en\/wp-json\/wp\/v2\/comments?post=9779"}],"version-history":[{"count":4,"href":"https:\/\/habaguanexcuba.com\/en\/wp-json\/wp\/v2\/pages\/9779\/revisions"}],"predecessor-version":[{"id":18967,"href":"https:\/\/habaguanexcuba.com\/en\/wp-json\/wp\/v2\/pages\/9779\/revisions\/18967"}],"wp:featuredmedia":[{"embeddable":true,"href":"https:\/\/habaguanexcuba.com\/en\/wp-json\/wp\/v2\/media\/13634"}],"wp:attachment":[{"href":"https:\/\/habaguanexcuba.com\/en\/wp-json\/wp\/v2\/media?parent=9779"}],"curies":[{"name":"wp","href":"https:\/\/api.w.org\/{rel}","templated":true}]}}