{"id":9869,"date":"2024-07-03T09:35:00","date_gmt":"2024-07-03T07:35:00","guid":{"rendered":"https:\/\/habaguanexcuba.com\/offres\/"},"modified":"2025-09-03T13:44:23","modified_gmt":"2025-09-03T11:44:23","slug":"offres","status":"publish","type":"page","link":"https:\/\/habaguanexcuba.com\/fr\/offres\/","title":{"rendered":"Offres"},"content":{"rendered":"\t\t<div data-elementor-type=\"wp-page\" data-elementor-id=\"9869\" class=\"elementor elementor-9869 elementor-9583\" data-elementor-post-type=\"page\">\n\t\t\t\t<div class=\"elementor-element elementor-element-ca61722 e-con-full elementor-hidden-mobile elementor-hidden-tablet e-flex e-con e-child\" data-id=\"ca61722\" data-element_type=\"container\" data-settings=\"{&quot;background_background&quot;:&quot;classic&quot;}\">\n\t\t\t\t<\/div>\n\t\t<div class=\"elementor-element elementor-element-0355cf7 animated-slow e-flex e-con-boxed elementor-invisible e-con e-parent\" data-id=\"0355cf7\" data-element_type=\"container\" data-settings=\"{&quot;animation&quot;:&quot;fadeInRight&quot;,&quot;animation_mobile&quot;:&quot;fadeInDown&quot;,&quot;animation_delay&quot;:1000}\">\n\t\t\t\t\t<div class=\"e-con-inner\">\n\t\t<div class=\"elementor-element elementor-element-917d248 e-con-full e-flex e-con e-child\" data-id=\"917d248\" data-element_type=\"container\" data-settings=\"{&quot;background_background&quot;:&quot;classic&quot;}\">\n\t\t\t\t<\/div>\n\t\t<div class=\"elementor-element elementor-element-f45bfec e-con-full e-flex e-con e-child\" data-id=\"f45bfec\" data-element_type=\"container\">\n\t\t\t\t<div class=\"elementor-element elementor-element-508a6a6 elementor-widget elementor-widget-heading\" data-id=\"508a6a6\" data-element_type=\"widget\" data-widget_type=\"heading.default\">\n\t\t\t\t<div class=\"elementor-widget-container\">\n\t\t\t\t\t<h2 class=\"elementor-heading-title elementor-size-default\">Cuban Roots<\/h2>\t\t\t\t<\/div>\n\t\t\t\t<\/div>\n\t\t\t\t<div class=\"elementor-element elementor-element-787bb4b elementor-widget-mobile__width-inherit elementor-widget elementor-widget-heading\" data-id=\"787bb4b\" data-element_type=\"widget\" data-widget_type=\"heading.default\">\n\t\t\t\t<div class=\"elementor-widget-container\">\n\t\t\t\t\t<h2 class=\"elementor-heading-title elementor-size-default\">Jusqu\u2019\u00e0 20 % de r\u00e9duction<\/h2>\t\t\t\t<\/div>\n\t\t\t\t<\/div>\n\t\t\t\t<div class=\"elementor-element elementor-element-4281e3c elementor-widget elementor-widget-text-editor\" data-id=\"4281e3c\" data-element_type=\"widget\" data-widget_type=\"text-editor.default\">\n\t\t\t\t<div class=\"elementor-widget-container\">\n\t\t\t\t\t\t\t\t\t<p data-start=\"751\" data-end=\"1049\"><strong>D\u00e9couvrez l\u2019\u00e2me urbaine de Cuba comme jamais auparavant.<\/strong><br data-start=\"827\" data-end=\"830\" \/>Des rues charg\u00e9es d\u2019histoire, des festivals vibrants et des nuits de musique sous les \u00e9toiles.<br data-start=\"924\" data-end=\"927\" \/>Laissez-vous emporter par le rythme de la ville et vivez une exp\u00e9rience authentique dont vous vous souviendrez toujours.<\/p>\n<p><\/p>\n<p data-start=\"1051\" data-end=\"1105\"><strong>Vivez Cuba en octobre<\/strong><\/p>\n\t\t\t\t\t\t\t\t<\/div>\n\t\t\t\t<\/div>\n\t\t\t\t<div class=\"elementor-element elementor-element-58b1f4f btn-reservar elementor-widget elementor-widget-shortcode\" data-id=\"58b1f4f\" data-element_type=\"widget\" data-widget_type=\"shortcode.default\">\n\t\t\t\t<div class=\"elementor-widget-container\">\n\t\t\t\t\t\t\t<div class=\"elementor-shortcode\"><a class=\"elementor-button shortcode elementor-button-link elementor-size-sm\" href=\"https:\/\/habaguanexcuba.com\/detalle-oferta-20-cuban-roots\/\"><span class=\"elementor-button-text\">Voir l\u2019offre<\/span><\/a><\/div>\n\t\t\t\t\t\t<\/div>\n\t\t\t\t<\/div>\n\t\t\t\t<\/div>\n\t\t\t\t\t<\/div>\n\t\t\t\t<\/div>\n\t\t<div class=\"elementor-element elementor-element-c16b86a animated-slow elementor-hidden-desktop elementor-hidden-tablet elementor-hidden-mobile e-flex e-con-boxed elementor-invisible e-con e-parent\" data-id=\"c16b86a\" data-element_type=\"container\" data-settings=\"{&quot;animation&quot;:&quot;fadeInRight&quot;,&quot;animation_mobile&quot;:&quot;fadeInDown&quot;,&quot;animation_delay&quot;:1000}\">\n\t\t\t\t\t<div class=\"e-con-inner\">\n\t\t<div class=\"elementor-element elementor-element-ec5a54f e-con-full e-flex e-con e-child\" data-id=\"ec5a54f\" data-element_type=\"container\" data-settings=\"{&quot;background_background&quot;:&quot;classic&quot;}\">\n\t\t\t\t<\/div>\n\t\t<div class=\"elementor-element elementor-element-a7a2d91 e-con-full e-flex e-con e-child\" data-id=\"a7a2d91\" data-element_type=\"container\">\n\t\t\t\t<div class=\"elementor-element elementor-element-bb5607e elementor-widget elementor-widget-heading\" data-id=\"bb5607e\" data-element_type=\"widget\" data-widget_type=\"heading.default\">\n\t\t\t\t<div class=\"elementor-widget-container\">\n\t\t\t\t\t<h2 class=\"elementor-heading-title elementor-size-default\">Feel Cuba Summer<\/h2>\t\t\t\t<\/div>\n\t\t\t\t<\/div>\n\t\t\t\t<div class=\"elementor-element elementor-element-307d8a5 elementor-widget-mobile__width-inherit elementor-widget elementor-widget-heading\" data-id=\"307d8a5\" data-element_type=\"widget\" data-widget_type=\"heading.default\">\n\t\t\t\t<div class=\"elementor-widget-container\">\n\t\t\t\t\t<h2 class=\"elementor-heading-title elementor-size-default\">Jusqu\u2019\u00e0 30 % de r\u00e9duction<\/h2>\t\t\t\t<\/div>\n\t\t\t\t<\/div>\n\t\t\t\t<div class=\"elementor-element elementor-element-99e4842 elementor-widget elementor-widget-text-editor\" data-id=\"99e4842\" data-element_type=\"widget\" data-widget_type=\"text-editor.default\">\n\t\t\t\t<div class=\"elementor-widget-container\">\n\t\t\t\t\t\t\t\t\t<p data-start=\"789\" data-end=\"1070\"><strong>Vivez l\u2019\u00e9t\u00e9 cubain comme jamais auparavant.<\/strong><br data-start=\"852\" data-end=\"855\" \/>Des plages paradisiaques, des couchers de soleil dor\u00e9s et la chaleur d\u2019une \u00eele qui se vit avec l\u2019\u00e2me.<br data-start=\"956\" data-end=\"959\" \/>D\u00e9couvrez Cuba, laissez-vous emporter par son rythme et cr\u00e9ez des souvenirs qui vous accompagneront toujours.<\/p>\n<p><\/p>\n<p data-start=\"1072\" data-end=\"1123\"><strong>R\u00e9servez avant le 31 juillet et profitez de Cuba.<\/strong><\/p>\n<p><\/p>\n<p data-start=\"1125\" data-end=\"1155\">Uniquement chez Habaguanex !<\/p>\n\t\t\t\t\t\t\t\t<\/div>\n\t\t\t\t<\/div>\n\t\t\t\t<div class=\"elementor-element elementor-element-151b797 btn-reservar elementor-widget elementor-widget-shortcode\" data-id=\"151b797\" data-element_type=\"widget\" data-widget_type=\"shortcode.default\">\n\t\t\t\t<div class=\"elementor-widget-container\">\n\t\t\t\t\t\t\t<div class=\"elementor-shortcode\"><a class=\"elementor-button shortcode elementor-button-link elementor-size-sm\" href=\"https:\/\/habaguanexcuba.com\/detalle-oferta-30-feel-cuba-summer\/\"><span class=\"elementor-button-text\">Voir l\u2019offre<\/span><\/a><\/div>\n\t\t\t\t\t\t<\/div>\n\t\t\t\t<\/div>\n\t\t\t\t<\/div>\n\t\t\t\t\t<\/div>\n\t\t\t\t<\/div>\n\t\t<div class=\"elementor-element elementor-element-af9573c animated-slow elementor-hidden-desktop elementor-hidden-tablet elementor-hidden-mobile e-flex e-con-boxed elementor-invisible e-con e-parent\" data-id=\"af9573c\" data-element_type=\"container\" data-settings=\"{&quot;animation&quot;:&quot;fadeInLeft&quot;,&quot;animation_mobile&quot;:&quot;fadeInDown&quot;}\">\n\t\t\t\t\t<div class=\"e-con-inner\">\n\t\t<div class=\"elementor-element elementor-element-e4dea38 e-con-full e-flex e-con e-child\" data-id=\"e4dea38\" data-element_type=\"container\" data-settings=\"{&quot;background_background&quot;:&quot;classic&quot;}\">\n\t\t\t\t<\/div>\n\t\t<div class=\"elementor-element elementor-element-c174c71 e-con-full e-flex e-con e-child\" data-id=\"c174c71\" data-element_type=\"container\">\n\t\t\t\t<div class=\"elementor-element elementor-element-48ce5ed elementor-widget elementor-widget-heading\" data-id=\"48ce5ed\" data-element_type=\"widget\" data-widget_type=\"heading.default\">\n\t\t\t\t<div class=\"elementor-widget-container\">\n\t\t\t\t\t<h2 class=\"elementor-heading-title elementor-size-default\">R\u00e9servez aujourd\u2019hui et vivez La Havane Vieja<\/h2>\t\t\t\t<\/div>\n\t\t\t\t<\/div>\n\t\t\t\t<div class=\"elementor-element elementor-element-20c3b52 elementor-widget-mobile__width-inherit elementor-widget elementor-widget-heading\" data-id=\"20c3b52\" data-element_type=\"widget\" data-widget_type=\"heading.default\">\n\t\t\t\t<div class=\"elementor-widget-container\">\n\t\t\t\t\t<h2 class=\"elementor-heading-title elementor-size-default\">Jusqu\u2019\u00e0 35 % de r\u00e9duction<\/h2>\t\t\t\t<\/div>\n\t\t\t\t<\/div>\n\t\t\t\t<div class=\"elementor-element elementor-element-e95c4cc elementor-widget elementor-widget-text-editor\" data-id=\"e95c4cc\" data-element_type=\"widget\" data-widget_type=\"text-editor.default\">\n\t\t\t\t<div class=\"elementor-widget-container\">\n\t\t\t\t\t\t\t\t\t<p data-start=\"581\" data-end=\"740\">Vivez l\u2019essence de la Vieille Havane en s\u00e9journant au Habaguanex, avec son histoire vivante, son charme colonial et ses vues envo\u00fbtantes.<\/p>\n<p><\/p>\n<p data-start=\"742\" data-end=\"808\"><strong>R\u00e9servez avant le 30 juin<\/strong><br data-start=\"767\" data-end=\"770\" \/><strong>Voyagez du 1er juillet au 31 octobre<\/strong><\/p>\n<p><\/p>\n<p data-start=\"810\" data-end=\"837\">Vivez-le de l\u2019int\u00e9rieur !<\/p>\n\t\t\t\t\t\t\t\t<\/div>\n\t\t\t\t<\/div>\n\t\t\t\t<div class=\"elementor-element elementor-element-a54c412 btn-reservar elementor-widget elementor-widget-shortcode\" data-id=\"a54c412\" data-element_type=\"widget\" data-widget_type=\"shortcode.default\">\n\t\t\t\t<div class=\"elementor-widget-container\">\n\t\t\t\t\t\t\t<div class=\"elementor-shortcode\"><a class=\"elementor-button shortcode elementor-button-link elementor-size-sm\" href=\"https:\/\/habaguanexcuba.com\/detalle-oferta-20\/\"><span class=\"elementor-button-text\">Voir l\u2019offre<\/span><\/a><\/div>\n\t\t\t\t\t\t<\/div>\n\t\t\t\t<\/div>\n\t\t\t\t<\/div>\n\t\t\t\t\t<\/div>\n\t\t\t\t<\/div>\n\t\t\t\t<\/div>\n\t\t","protected":false},"excerpt":{"rendered":"<p>Cuban Roots Jusqu\u2019\u00e0 20 % de r\u00e9duction D\u00e9couvrez l\u2019\u00e2me urbaine de Cuba comme jamais auparavant.Des rues charg\u00e9es d\u2019histoire, des festivals vibrants et des nuits de musique sous les \u00e9toiles.Laissez-vous emporter par le rythme de la ville et vivez une exp\u00e9rience authentique dont vous vous souviendrez toujours. Vivez Cuba en octobre Feel Cuba Summer Jusqu\u2019\u00e0 30 [&hellip;]<\/p>\n","protected":false},"author":1,"featured_media":13635,"parent":0,"menu_order":0,"comment_status":"closed","ping_status":"closed","template":"","meta":{"footnotes":""},"class_list":["post-9869","page","type-page","status-publish","has-post-thumbnail","hentry"],"yoast_head":"<!-- This site is optimized with the Yoast SEO plugin v27.3 - https:\/\/yoast.com\/product\/yoast-seo-wordpress\/ -->\n<title>Offres sp\u00e9ciales sur les h\u00f4tels \u00e0 Cuba - Habaguanex : r\u00e9ductions et promotions exclusives<\/title>\n<meta name=\"description\" content=\"D\u00e9couvrez les meilleures offres sur les h\u00f4tels et les exp\u00e9riences \u00e0 Cuba avec Habaguanex. Explorez les r\u00e9ductions exclusives et les promotions sp\u00e9ciales pour votre prochain s\u00e9jour. R\u00e9servez d\u00e8s maintenant et profitez de nos offres uniques pour tirer le meilleur parti de votre voyage sur l&#039;\u00eele.\" \/>\n<meta name=\"robots\" content=\"index, follow, max-snippet:-1, max-image-preview:large, max-video-preview:-1\" \/>\n<link rel=\"canonical\" href=\"https:\/\/habaguanexcuba.com\/ofertas\/\" \/>\n<meta property=\"og:locale\" content=\"fr_FR\" \/>\n<meta property=\"og:type\" content=\"article\" \/>\n<meta property=\"og:title\" content=\"Offres sp\u00e9ciales sur les h\u00f4tels \u00e0 Cuba - Habaguanex : r\u00e9ductions et promotions exclusives\" \/>\n<meta property=\"og:description\" content=\"D\u00e9couvrez les meilleures offres sur les h\u00f4tels et les exp\u00e9riences \u00e0 Cuba avec Habaguanex. Explorez les r\u00e9ductions exclusives et les promotions sp\u00e9ciales pour votre prochain s\u00e9jour. R\u00e9servez d\u00e8s maintenant et profitez de nos offres uniques pour tirer le meilleur parti de votre voyage sur l&#039;\u00eele.\" \/>\n<meta property=\"og:url\" content=\"https:\/\/habaguanexcuba.com\/ofertas\/\" \/>\n<meta property=\"og:site_name\" content=\"Habaguanex\" \/>\n<meta property=\"article:publisher\" content=\"https:\/\/www.facebook.com\/HotelesHabaguanex?mibextid=ZbWKwL\" \/>\n<meta property=\"article:modified_time\" content=\"2025-09-03T11:44:23+00:00\" \/>\n<meta property=\"og:image\" content=\"https:\/\/habaguanexcuba.com\/wp-content\/uploads\/2024\/09\/ofertas.jpg\" \/>\n\t<meta property=\"og:image:width\" content=\"1024\" \/>\n\t<meta property=\"og:image:height\" content=\"682\" \/>\n\t<meta property=\"og:image:type\" content=\"image\/jpeg\" \/>\n<meta name=\"twitter:card\" content=\"summary_large_image\" \/>\n<meta name=\"twitter:label1\" content=\"Dur\u00e9e de lecture estim\u00e9e\" \/>\n\t<meta name=\"twitter:data1\" content=\"1 minute\" \/>\n<script type=\"application\/ld+json\" class=\"yoast-schema-graph\">{\"@context\":\"https:\\\/\\\/schema.org\",\"@graph\":[{\"@type\":\"WebPage\",\"@id\":\"https:\\\/\\\/habaguanexcuba.com\\\/ofertas\\\/\",\"url\":\"https:\\\/\\\/habaguanexcuba.com\\\/ofertas\\\/\",\"name\":\"Offres sp\u00e9ciales sur les h\u00f4tels \u00e0 Cuba - Habaguanex : r\u00e9ductions et promotions exclusives\",\"isPartOf\":{\"@id\":\"https:\\\/\\\/habaguanexcuba.com\\\/#website\"},\"primaryImageOfPage\":{\"@id\":\"https:\\\/\\\/habaguanexcuba.com\\\/ofertas\\\/#primaryimage\"},\"image\":{\"@id\":\"https:\\\/\\\/habaguanexcuba.com\\\/ofertas\\\/#primaryimage\"},\"thumbnailUrl\":\"https:\\\/\\\/habaguanexcuba.com\\\/wp-content\\\/uploads\\\/2024\\\/09\\\/ofertas.jpg\",\"datePublished\":\"2024-07-03T07:35:00+00:00\",\"dateModified\":\"2025-09-03T11:44:23+00:00\",\"description\":\"D\u00e9couvrez les meilleures offres sur les h\u00f4tels et les exp\u00e9riences \u00e0 Cuba avec Habaguanex. Explorez les r\u00e9ductions exclusives et les promotions sp\u00e9ciales pour votre prochain s\u00e9jour. R\u00e9servez d\u00e8s maintenant et profitez de nos offres uniques pour tirer le meilleur parti de votre voyage sur l'\u00eele.\",\"breadcrumb\":{\"@id\":\"https:\\\/\\\/habaguanexcuba.com\\\/ofertas\\\/#breadcrumb\"},\"inLanguage\":\"fr-FR\",\"potentialAction\":[{\"@type\":\"ReadAction\",\"target\":[\"https:\\\/\\\/habaguanexcuba.com\\\/ofertas\\\/\"]}]},{\"@type\":\"ImageObject\",\"inLanguage\":\"fr-FR\",\"@id\":\"https:\\\/\\\/habaguanexcuba.com\\\/ofertas\\\/#primaryimage\",\"url\":\"https:\\\/\\\/habaguanexcuba.com\\\/wp-content\\\/uploads\\\/2024\\\/09\\\/ofertas.jpg\",\"contentUrl\":\"https:\\\/\\\/habaguanexcuba.com\\\/wp-content\\\/uploads\\\/2024\\\/09\\\/ofertas.jpg\",\"width\":1024,\"height\":682,\"caption\":\"Close-up Of A Man's Hand Booking Hotel Using Smartphone\"},{\"@type\":\"BreadcrumbList\",\"@id\":\"https:\\\/\\\/habaguanexcuba.com\\\/ofertas\\\/#breadcrumb\",\"itemListElement\":[{\"@type\":\"ListItem\",\"position\":1,\"name\":\"Home\",\"item\":\"https:\\\/\\\/habaguanexcuba.com\\\/\"},{\"@type\":\"ListItem\",\"position\":2,\"name\":\"Offres\"}]},{\"@type\":\"WebSite\",\"@id\":\"https:\\\/\\\/habaguanexcuba.com\\\/#website\",\"url\":\"https:\\\/\\\/habaguanexcuba.com\\\/\",\"name\":\"Habaguanex\",\"description\":\"Descubre la aut\u00e9ntica esencia de Cuba con Habaguanex. Explora la cultura, historia y belleza de La Habana y m\u00e1s all\u00e1 con nuestras experiencias \u00fanicas y servicios tur\u00edsticos de calidad. \u00a1Vive el coraz\u00f3n de Cuba con nosotros!\",\"publisher\":{\"@id\":\"https:\\\/\\\/habaguanexcuba.com\\\/#organization\"},\"alternateName\":\"[OFICIAL\u00ae] Habaguanex Cuba | Descubre el coraz\u00f3n de Cuba\",\"potentialAction\":[{\"@type\":\"SearchAction\",\"target\":{\"@type\":\"EntryPoint\",\"urlTemplate\":\"https:\\\/\\\/habaguanexcuba.com\\\/?s={search_term_string}\"},\"query-input\":{\"@type\":\"PropertyValueSpecification\",\"valueRequired\":true,\"valueName\":\"search_term_string\"}}],\"inLanguage\":\"fr-FR\"},{\"@type\":\"Organization\",\"@id\":\"https:\\\/\\\/habaguanexcuba.com\\\/#organization\",\"name\":\"Habaguanex\",\"alternateName\":\"[OFICIAL\u00ae] Habaguanex Cuba | Descubre el coraz\u00f3n de Cuba\",\"url\":\"https:\\\/\\\/habaguanexcuba.com\\\/\",\"logo\":{\"@type\":\"ImageObject\",\"inLanguage\":\"fr-FR\",\"@id\":\"https:\\\/\\\/habaguanexcuba.com\\\/#\\\/schema\\\/logo\\\/image\\\/\",\"url\":\"https:\\\/\\\/habaguanexcuba.com\\\/wp-content\\\/uploads\\\/2024\\\/01\\\/favicon_hab_azul.png\",\"contentUrl\":\"https:\\\/\\\/habaguanexcuba.com\\\/wp-content\\\/uploads\\\/2024\\\/01\\\/favicon_hab_azul.png\",\"width\":32,\"height\":32,\"caption\":\"Habaguanex\"},\"image\":{\"@id\":\"https:\\\/\\\/habaguanexcuba.com\\\/#\\\/schema\\\/logo\\\/image\\\/\"},\"sameAs\":[\"https:\\\/\\\/www.facebook.com\\\/HotelesHabaguanex?mibextid=ZbWKwL\",\"https:\\\/\\\/www.instagram.com\\\/hoteleshabaguanex_oficial\\\/?igsh=MTMyMTl4NzZhaWVpMw==\"]}]}<\/script>\n<!-- \/ Yoast SEO plugin. -->","yoast_head_json":{"title":"Offres sp\u00e9ciales sur les h\u00f4tels \u00e0 Cuba - Habaguanex : r\u00e9ductions et promotions exclusives","description":"D\u00e9couvrez les meilleures offres sur les h\u00f4tels et les exp\u00e9riences \u00e0 Cuba avec Habaguanex. Explorez les r\u00e9ductions exclusives et les promotions sp\u00e9ciales pour votre prochain s\u00e9jour. R\u00e9servez d\u00e8s maintenant et profitez de nos offres uniques pour tirer le meilleur parti de votre voyage sur l'\u00eele.","robots":{"index":"index","follow":"follow","max-snippet":"max-snippet:-1","max-image-preview":"max-image-preview:large","max-video-preview":"max-video-preview:-1"},"canonical":"https:\/\/habaguanexcuba.com\/ofertas\/","og_locale":"fr_FR","og_type":"article","og_title":"Offres sp\u00e9ciales sur les h\u00f4tels \u00e0 Cuba - Habaguanex : r\u00e9ductions et promotions exclusives","og_description":"D\u00e9couvrez les meilleures offres sur les h\u00f4tels et les exp\u00e9riences \u00e0 Cuba avec Habaguanex. Explorez les r\u00e9ductions exclusives et les promotions sp\u00e9ciales pour votre prochain s\u00e9jour. R\u00e9servez d\u00e8s maintenant et profitez de nos offres uniques pour tirer le meilleur parti de votre voyage sur l'\u00eele.","og_url":"https:\/\/habaguanexcuba.com\/ofertas\/","og_site_name":"Habaguanex","article_publisher":"https:\/\/www.facebook.com\/HotelesHabaguanex?mibextid=ZbWKwL","article_modified_time":"2025-09-03T11:44:23+00:00","og_image":[{"width":1024,"height":682,"url":"https:\/\/habaguanexcuba.com\/wp-content\/uploads\/2024\/09\/ofertas.jpg","type":"image\/jpeg"}],"twitter_card":"summary_large_image","twitter_misc":{"Dur\u00e9e de lecture estim\u00e9e":"1 minute"},"schema":{"@context":"https:\/\/schema.org","@graph":[{"@type":"WebPage","@id":"https:\/\/habaguanexcuba.com\/ofertas\/","url":"https:\/\/habaguanexcuba.com\/ofertas\/","name":"Offres sp\u00e9ciales sur les h\u00f4tels \u00e0 Cuba - Habaguanex : r\u00e9ductions et promotions exclusives","isPartOf":{"@id":"https:\/\/habaguanexcuba.com\/#website"},"primaryImageOfPage":{"@id":"https:\/\/habaguanexcuba.com\/ofertas\/#primaryimage"},"image":{"@id":"https:\/\/habaguanexcuba.com\/ofertas\/#primaryimage"},"thumbnailUrl":"https:\/\/habaguanexcuba.com\/wp-content\/uploads\/2024\/09\/ofertas.jpg","datePublished":"2024-07-03T07:35:00+00:00","dateModified":"2025-09-03T11:44:23+00:00","description":"D\u00e9couvrez les meilleures offres sur les h\u00f4tels et les exp\u00e9riences \u00e0 Cuba avec Habaguanex. Explorez les r\u00e9ductions exclusives et les promotions sp\u00e9ciales pour votre prochain s\u00e9jour. R\u00e9servez d\u00e8s maintenant et profitez de nos offres uniques pour tirer le meilleur parti de votre voyage sur l'\u00eele.","breadcrumb":{"@id":"https:\/\/habaguanexcuba.com\/ofertas\/#breadcrumb"},"inLanguage":"fr-FR","potentialAction":[{"@type":"ReadAction","target":["https:\/\/habaguanexcuba.com\/ofertas\/"]}]},{"@type":"ImageObject","inLanguage":"fr-FR","@id":"https:\/\/habaguanexcuba.com\/ofertas\/#primaryimage","url":"https:\/\/habaguanexcuba.com\/wp-content\/uploads\/2024\/09\/ofertas.jpg","contentUrl":"https:\/\/habaguanexcuba.com\/wp-content\/uploads\/2024\/09\/ofertas.jpg","width":1024,"height":682,"caption":"Close-up Of A Man's Hand Booking Hotel Using Smartphone"},{"@type":"BreadcrumbList","@id":"https:\/\/habaguanexcuba.com\/ofertas\/#breadcrumb","itemListElement":[{"@type":"ListItem","position":1,"name":"Home","item":"https:\/\/habaguanexcuba.com\/"},{"@type":"ListItem","position":2,"name":"Offres"}]},{"@type":"WebSite","@id":"https:\/\/habaguanexcuba.com\/#website","url":"https:\/\/habaguanexcuba.com\/","name":"Habaguanex","description":"Descubre la aut\u00e9ntica esencia de Cuba con Habaguanex. Explora la cultura, historia y belleza de La Habana y m\u00e1s all\u00e1 con nuestras experiencias \u00fanicas y servicios tur\u00edsticos de calidad. \u00a1Vive el coraz\u00f3n de Cuba con nosotros!","publisher":{"@id":"https:\/\/habaguanexcuba.com\/#organization"},"alternateName":"[OFICIAL\u00ae] Habaguanex Cuba | Descubre el coraz\u00f3n de Cuba","potentialAction":[{"@type":"SearchAction","target":{"@type":"EntryPoint","urlTemplate":"https:\/\/habaguanexcuba.com\/?s={search_term_string}"},"query-input":{"@type":"PropertyValueSpecification","valueRequired":true,"valueName":"search_term_string"}}],"inLanguage":"fr-FR"},{"@type":"Organization","@id":"https:\/\/habaguanexcuba.com\/#organization","name":"Habaguanex","alternateName":"[OFICIAL\u00ae] Habaguanex Cuba | Descubre el coraz\u00f3n de Cuba","url":"https:\/\/habaguanexcuba.com\/","logo":{"@type":"ImageObject","inLanguage":"fr-FR","@id":"https:\/\/habaguanexcuba.com\/#\/schema\/logo\/image\/","url":"https:\/\/habaguanexcuba.com\/wp-content\/uploads\/2024\/01\/favicon_hab_azul.png","contentUrl":"https:\/\/habaguanexcuba.com\/wp-content\/uploads\/2024\/01\/favicon_hab_azul.png","width":32,"height":32,"caption":"Habaguanex"},"image":{"@id":"https:\/\/habaguanexcuba.com\/#\/schema\/logo\/image\/"},"sameAs":["https:\/\/www.facebook.com\/HotelesHabaguanex?mibextid=ZbWKwL","https:\/\/www.instagram.com\/hoteleshabaguanex_oficial\/?igsh=MTMyMTl4NzZhaWVpMw=="]}]}},"_links":{"self":[{"href":"https:\/\/habaguanexcuba.com\/fr\/wp-json\/wp\/v2\/pages\/9869","targetHints":{"allow":["GET"]}}],"collection":[{"href":"https:\/\/habaguanexcuba.com\/fr\/wp-json\/wp\/v2\/pages"}],"about":[{"href":"https:\/\/habaguanexcuba.com\/fr\/wp-json\/wp\/v2\/types\/page"}],"author":[{"embeddable":true,"href":"https:\/\/habaguanexcuba.com\/fr\/wp-json\/wp\/v2\/users\/1"}],"replies":[{"embeddable":true,"href":"https:\/\/habaguanexcuba.com\/fr\/wp-json\/wp\/v2\/comments?post=9869"}],"version-history":[{"count":4,"href":"https:\/\/habaguanexcuba.com\/fr\/wp-json\/wp\/v2\/pages\/9869\/revisions"}],"predecessor-version":[{"id":18966,"href":"https:\/\/habaguanexcuba.com\/fr\/wp-json\/wp\/v2\/pages\/9869\/revisions\/18966"}],"wp:featuredmedia":[{"embeddable":true,"href":"https:\/\/habaguanexcuba.com\/fr\/wp-json\/wp\/v2\/media\/13635"}],"wp:attachment":[{"href":"https:\/\/habaguanexcuba.com\/fr\/wp-json\/wp\/v2\/media?parent=9869"}],"curies":[{"name":"wp","href":"https:\/\/api.w.org\/{rel}","templated":true}]}}